{"id":8709,"date":"2022-05-09T05:42:27","date_gmt":"2022-05-09T05:42:27","guid":{"rendered":"https:\/\/www.tool-factory.de\/uslugi\/doradztwo-kompetentnych-specjalistow\/"},"modified":"2025-08-25T10:27:01","modified_gmt":"2025-08-25T10:27:01","slug":"doradztwo-kompetentnych-specjalistow","status":"publish","type":"page","link":"https:\/\/www.tool-factory.de\/pl\/uslugi\/doradztwo-kompetentnych-specjalistow\/","title":{"rendered":"Doradztwo kompetentnych specjalist\u00f3w\u00a0"},"content":{"rendered":"\t\t<div data-elementor-type=\"wp-page\" data-elementor-id=\"8709\" class=\"elementor elementor-8709 elementor-445\" data-elementor-post-type=\"page\">\n\t\t\t\t\t\t<section class=\"elementor-section elementor-top-section elementor-element elementor-element-873da51 elementor-section-height-min-height elementor-section-items-bottom elementor-section-boxed elementor-section-height-default\" data-id=\"873da51\" data-element_type=\"section\" data-e-type=\"section\" data-settings=\"{&quot;background_background&quot;:&quot;classic&quot;}\">\n\t\t\t\t\t\t\t<div class=\"elementor-background-overlay\"><\/div>\n\t\t\t\t\t\t\t<div class=\"elementor-container elementor-column-gap-default\">\n\t\t\t\t\t<div class=\"elementor-column elementor-col-100 elementor-top-column elementor-element elementor-element-2c8a69a\" data-id=\"2c8a69a\" data-element_type=\"column\" data-e-type=\"column\">\n\t\t\t<div class=\"elementor-widget-wrap\">\n\t\t\t\t\t\t\t<\/div>\n\t\t<\/div>\n\t\t\t\t\t<\/div>\n\t\t<\/section>\n\t\t\t\t<section class=\"elementor-section elementor-top-section elementor-element elementor-element-d2f2ab0 elementor-section-boxed elementor-section-height-default elementor-section-height-default\" data-id=\"d2f2ab0\" data-element_type=\"section\" data-e-type=\"section\">\n\t\t\t\t\t\t<div class=\"elementor-container elementor-column-gap-default\">\n\t\t\t\t\t<div class=\"elementor-column elementor-col-100 elementor-top-column elementor-element elementor-element-400220f\" data-id=\"400220f\" data-element_type=\"column\" data-e-type=\"column\">\n\t\t\t<div class=\"elementor-widget-wrap elementor-element-populated\">\n\t\t\t\t\t\t<div class=\"elementor-element elementor-element-9607c1b elementor-widget elementor-widget-heading\" data-id=\"9607c1b\" data-element_type=\"widget\" data-e-type=\"widget\" data-widget_type=\"heading.default\">\n\t\t\t\t<div class=\"elementor-widget-container\">\n\t\t\t\t\t<h1 class=\"elementor-heading-title elementor-size-default\">Doradztwo kompetentnych specjalist\u00f3w\u00a0<\/h1>\t\t\t\t<\/div>\n\t\t\t\t<\/div>\n\t\t\t\t\t<\/div>\n\t\t<\/div>\n\t\t\t\t\t<\/div>\n\t\t<\/section>\n\t\t\t\t<section class=\"elementor-section elementor-top-section elementor-element elementor-element-5b0b867 animated-slow elementor-section-boxed elementor-section-height-default elementor-section-height-default elementor-invisible\" data-id=\"5b0b867\" data-element_type=\"section\" data-e-type=\"section\" data-settings=\"{&quot;background_background&quot;:&quot;classic&quot;,&quot;animation&quot;:&quot;fadeIn&quot;}\">\n\t\t\t\t\t\t<div class=\"elementor-container elementor-column-gap-default\">\n\t\t\t\t\t<div class=\"elementor-column elementor-col-50 elementor-top-column elementor-element elementor-element-f232bb1\" data-id=\"f232bb1\" data-element_type=\"column\" data-e-type=\"column\">\n\t\t\t<div class=\"elementor-widget-wrap elementor-element-populated\">\n\t\t\t\t\t\t<div class=\"elementor-element elementor-element-eee3966 elementor-widget elementor-widget-text-editor\" data-id=\"eee3966\" data-element_type=\"widget\" data-e-type=\"widget\" data-widget_type=\"text-editor.default\">\n\t\t\t\t<div class=\"elementor-widget-container\">\n\t\t\t\t\t\t\t\t\t<p>Sprawnie\u00a0rozwi\u0105zujemy problemy\u00a0\u2013 nasi specjali\u015bci pomog\u0105 Ci w doborze odpowiednich narz\u0119dzi precyzyjnych i ch\u0119tnie doradz\u0105 w zakresie u\u017cyteczno\u015bci, obszar\u00f3w zastosowania i parametr\u00f3w skrawania.<\/p>\n<p>Niezale\u017cnie od rodzaju zadania, wsp\u00f3lnie ustalimy najlepsze mo\u017cliwe metody obr\u00f3bki, aby Twoje procesy by\u0142y niezawodne i zoptymalizowane.\u00a0W tym celu nasz zesp\u00f3\u0142 przeanalizuje zastosowania i przebieg procesu.\u00a0Ponadto korzystaj\u0105c z profesjonalnej wiedzy i do\u015bwiadczenia naszych partner\u00f3w, zapewnimy Ci jak najlepsze wsparcie.<\/p>\n<p>Kontynuacja d\u0142ugoletniej tradycji firmy i niezawodno\u015b\u0107 maj\u0105 dla nas kluczowe znaczenie.\u00a0Je\u017celi potrzebujesz dodatkowych informacji lub chcia\u0142by\u015b skorzysta\u0107 z porady naszego profesjonalnego zespo\u0142u, skontaktuj si\u0119 z nami \u2013 wsp\u00f3lnie wypracujemy dostosowane do Twoich potrzeb i op\u0142acalne rozwi\u0105zania.\u00a0Dopiero po dok\u0142adnym sprecyzowaniu wymaga\u0144 i warunk\u00f3w ramowych b\u0119dziemy w stanie umo\u017cliwi\u0107 Ci osi\u0105gni\u0119cie celu.<\/p>\n\t\t\t\t\t\t\t\t<\/div>\n\t\t\t\t<\/div>\n\t\t\t\t\t<\/div>\n\t\t<\/div>\n\t\t\t\t<div class=\"elementor-column elementor-col-50 elementor-top-column elementor-element elementor-element-b289983\" data-id=\"b289983\" data-element_type=\"column\" data-e-type=\"column\">\n\t\t\t<div class=\"elementor-widget-wrap\">\n\t\t\t\t\t\t\t<\/div>\n\t\t<\/div>\n\t\t\t\t\t<\/div>\n\t\t<\/section>\n\t\t\t\t<section class=\"elementor-section elementor-top-section elementor-element elementor-element-69e5606 elementor-section-boxed elementor-section-height-default elementor-section-height-default\" data-id=\"69e5606\" data-element_type=\"section\" data-e-type=\"section\" data-settings=\"{&quot;background_background&quot;:&quot;classic&quot;}\">\n\t\t\t\t\t\t\t<div class=\"elementor-background-overlay\"><\/div>\n\t\t\t\t\t\t\t<div class=\"elementor-container elementor-column-gap-default\">\n\t\t\t\t\t<div class=\"elementor-column elementor-col-100 elementor-top-column elementor-element elementor-element-d5257a8\" data-id=\"d5257a8\" data-element_type=\"column\" data-e-type=\"column\">\n\t\t\t<div class=\"elementor-widget-wrap elementor-element-populated\">\n\t\t\t\t\t\t<section class=\"elementor-section elementor-inner-section elementor-element elementor-element-eff802a elementor-section-boxed elementor-section-height-default elementor-section-height-default\" data-id=\"eff802a\" data-element_type=\"section\" data-e-type=\"section\" data-settings=\"{&quot;background_background&quot;:&quot;classic&quot;}\">\n\t\t\t\t\t\t<div class=\"elementor-container elementor-column-gap-default\">\n\t\t\t\t\t<div class=\"elementor-column elementor-col-100 elementor-inner-column elementor-element elementor-element-a6d33d7 animated-slow elementor-invisible\" data-id=\"a6d33d7\" data-element_type=\"column\" data-e-type=\"column\" data-settings=\"{&quot;animation&quot;:&quot;fadeIn&quot;}\">\n\t\t\t<div class=\"elementor-widget-wrap elementor-element-populated\">\n\t\t\t\t\t\t<div class=\"elementor-element elementor-element-51b04b0 elementor-widget elementor-widget-heading\" data-id=\"51b04b0\" data-element_type=\"widget\" data-e-type=\"widget\" data-widget_type=\"heading.default\">\n\t\t\t\t<div class=\"elementor-widget-container\">\n\t\t\t\t\t<h3 class=\"elementor-heading-title elementor-size-default\">Potrzebujesz konsultacji? Wy\u015blij nam\u00a0zapytanie!<\/h3>\t\t\t\t<\/div>\n\t\t\t\t<\/div>\n\t\t\t\t<div class=\"elementor-element elementor-element-eee5835 elementor-widget-divider--view-line elementor-widget elementor-widget-divider\" data-id=\"eee5835\" data-element_type=\"widget\" data-e-type=\"widget\" data-widget_type=\"divider.default\">\n\t\t\t\t<div class=\"elementor-widget-container\">\n\t\t\t\t\t\t\t<div class=\"elementor-divider\">\n\t\t\t<span class=\"elementor-divider-separator\">\n\t\t\t\t\t\t<\/span>\n\t\t<\/div>\n\t\t\t\t\t\t<\/div>\n\t\t\t\t<\/div>\n\t\t\t\t<div class=\"elementor-element elementor-element-b268621 elementor-widget elementor-widget-text-editor\" data-id=\"b268621\" data-element_type=\"widget\" data-e-type=\"widget\" data-widget_type=\"text-editor.default\">\n\t\t\t\t<div class=\"elementor-widget-container\">\n\t\t\t\t\t\t\t\t\t<p>Chcesz dowiedzie\u0107 si\u0119 wi\u0119cej o naszych rozwi\u0105zaniach w zakresie obr\u00f3bki skrawaniem?\u00a0<a href=\"https:\/\/www.tool-factory.de\/pl\/biblioteka-multimediow\/\" rel=\"noopener\" target=\"_blank\">Zapoznaj si\u0119<\/a> z raportami dotycz\u0105cymi zastosowania naszych narz\u0119dzi w praktyce.\u00a0Sprawd\u017a, jak w \u015bcis\u0142ej wsp\u00f3\u0142pracy z naszymi klientami opracowujemy optymalnie dopasowane rozwi\u0105zania i zapewniamy wsparcie w realizacji zada\u0144 produkcyjnych.<\/p>\n<p>Nasz <a href=\"https:\/\/shop.tool-factory.de\/en\/home\/\" rel=\"noopener\" target=\"_blank\">sklep internetowy<\/a> oferuje ponad 22 000 r\u00f3\u017cnych produkt\u00f3w. Zapraszamy do zapoznania si\u0119 z ofert\u0105 sklepu.<\/p>\n\t\t\t\t\t\t\t\t<\/div>\n\t\t\t\t<\/div>\n\t\t\t\t<div class=\"elementor-element elementor-element-b10747d elementor-align-start elementor-icon-list--layout-traditional elementor-list-item-link-full_width elementor-widget elementor-widget-icon-list\" data-id=\"b10747d\" data-element_type=\"widget\" data-e-type=\"widget\" data-widget_type=\"icon-list.default\">\n\t\t\t\t<div class=\"elementor-widget-container\">\n\t\t\t\t\t\t\t<ul class=\"elementor-icon-list-items\">\n\t\t\t\t\t\t\t<li class=\"elementor-icon-list-item\">\n\t\t\t\t\t\t\t\t\t\t\t<span class=\"elementor-icon-list-icon\">\n\t\t\t\t\t\t\t<i aria-hidden=\"true\" class=\"fas fa-phone\"><\/i>\t\t\t\t\t\t<\/span>\n\t\t\t\t\t\t\t\t\t\t<span class=\"elementor-icon-list-text\">+49 (0) 2174 \/ 791 53 - 0<\/span>\n\t\t\t\t\t\t\t\t\t<\/li>\n\t\t\t\t\t\t\t\t<li class=\"elementor-icon-list-item\">\n\t\t\t\t\t\t\t\t\t\t\t<a href=\"mailto:Anwendungstechnik@tool-factory.de\" target=\"_blank\">\n\n\t\t\t\t\t\t\t\t\t\t\t\t<span class=\"elementor-icon-list-icon\">\n\t\t\t\t\t\t\t<i aria-hidden=\"true\" class=\"far fa-envelope\"><\/i>\t\t\t\t\t\t<\/span>\n\t\t\t\t\t\t\t\t\t\t<span class=\"elementor-icon-list-text\">Anwendungstechnik@tool-factory.de<\/span>\n\t\t\t\t\t\t\t\t\t\t\t<\/a>\n\t\t\t\t\t\t\t\t\t<\/li>\n\t\t\t\t\t\t\t\t<li class=\"elementor-icon-list-item\">\n\t\t\t\t\t\t\t\t\t\t\t<a href=\"https:\/\/www.tool-factory.de\/pl\/kontakt\/\">\n\n\t\t\t\t\t\t\t\t\t\t\t\t<span class=\"elementor-icon-list-icon\">\n\t\t\t\t\t\t\t<i aria-hidden=\"true\" class=\"fas fa-align-justify\"><\/i>\t\t\t\t\t\t<\/span>\n\t\t\t\t\t\t\t\t\t\t<span class=\"elementor-icon-list-text\">Formularz zapytania<\/span>\n\t\t\t\t\t\t\t\t\t\t\t<\/a>\n\t\t\t\t\t\t\t\t\t<\/li>\n\t\t\t\t\t\t<\/ul>\n\t\t\t\t\t\t<\/div>\n\t\t\t\t<\/div>\n\t\t\t\t\t<\/div>\n\t\t<\/div>\n\t\t\t\t\t<\/div>\n\t\t<\/section>\n\t\t\t\t\t<\/div>\n\t\t<\/div>\n\t\t\t\t\t<\/div>\n\t\t<\/section>\n\t\t\t\t<\/div>\n\t\t","protected":false},"excerpt":{"rendered":"<p>Doradztwo kompetentnych specjalist\u00f3w\u00a0 Sprawnie\u00a0rozwi\u0105zujemy problemy\u00a0\u2013 nasi specjali\u015bci pomog\u0105 Ci w doborze odpowiednich narz\u0119dzi precyzyjnych i ch\u0119tnie doradz\u0105 w zakresie u\u017cyteczno\u015bci, obszar\u00f3w zastosowania i parametr\u00f3w skrawania. Niezale\u017cnie od rodzaju zadania, wsp\u00f3lnie ustalimy najlepsze mo\u017cliwe metody obr\u00f3bki, aby Twoje procesy by\u0142y niezawodne i zoptymalizowane.\u00a0W tym celu nasz zesp\u00f3\u0142 przeanalizuje zastosowania i przebieg procesu.\u00a0Ponadto korzystaj\u0105c z profesjonalnej wiedzy [&hellip;]<\/p>\n","protected":false},"author":1,"featured_media":0,"parent":8707,"menu_order":0,"comment_status":"closed","ping_status":"closed","template":"elementor_header_footer","meta":{"_acf_changed":false,"footnotes":""},"class_list":["post-8709","page","type-page","status-publish","hentry"],"acf":[],"yoast_head":"<!-- This site is optimized with the Yoast SEO plugin v27.3 - https:\/\/yoast.com\/product\/yoast-seo-wordpress\/ -->\n<title>Doradztwo kompetentnych specjalist\u00f3w\u00a0 | Tool Factory<\/title>\n<meta name=\"description\" content=\"Potrzebujesz niestandardowych, op\u0142acalnych rozwi\u0105za\u0144? Skorzystaj z porad ekspert\u00f3w w zakresie obr\u00f3bki skrawaniem.\" \/>\n<meta name=\"robots\" content=\"index, follow, max-snippet:-1, max-image-preview:large, max-video-preview:-1\" \/>\n<link rel=\"canonical\" href=\"https:\/\/www.tool-factory.de\/services\/kompetente-fachberatung\/\" \/>\n<meta property=\"og:locale\" content=\"pl_PL\" \/>\n<meta property=\"og:type\" content=\"article\" \/>\n<meta property=\"og:title\" content=\"Doradztwo kompetentnych specjalist\u00f3w\u00a0 | Tool Factory\" \/>\n<meta property=\"og:description\" content=\"Potrzebujesz niestandardowych, op\u0142acalnych rozwi\u0105za\u0144? Skorzystaj z porad ekspert\u00f3w w zakresie obr\u00f3bki skrawaniem.\" \/>\n<meta property=\"og:url\" content=\"https:\/\/www.tool-factory.de\/services\/kompetente-fachberatung\/\" \/>\n<meta property=\"og:site_name\" content=\"Tool Factory\" \/>\n<meta property=\"article:publisher\" content=\"https:\/\/www.facebook.com\/TOOLFACTORYGMBH\" \/>\n<meta property=\"article:modified_time\" content=\"2025-08-25T10:27:01+00:00\" \/>\n<meta name=\"twitter:card\" content=\"summary_large_image\" \/>\n<script type=\"application\/ld+json\" class=\"yoast-schema-graph\">{\"@context\":\"https:\\\/\\\/schema.org\",\"@graph\":[{\"@type\":\"WebPage\",\"@id\":\"https:\\\/\\\/www.tool-factory.de\\\/services\\\/kompetente-fachberatung\\\/\",\"url\":\"https:\\\/\\\/www.tool-factory.de\\\/services\\\/kompetente-fachberatung\\\/\",\"name\":\"Doradztwo kompetentnych specjalist\u00f3w\u00a0 | Tool Factory\",\"isPartOf\":{\"@id\":\"https:\\\/\\\/www.tool-factory.de\\\/#website\"},\"datePublished\":\"2022-05-09T05:42:27+00:00\",\"dateModified\":\"2025-08-25T10:27:01+00:00\",\"description\":\"Potrzebujesz niestandardowych, op\u0142acalnych rozwi\u0105za\u0144? Skorzystaj z porad ekspert\u00f3w w zakresie obr\u00f3bki skrawaniem.\",\"breadcrumb\":{\"@id\":\"https:\\\/\\\/www.tool-factory.de\\\/services\\\/kompetente-fachberatung\\\/#breadcrumb\"},\"inLanguage\":\"pl-PL\",\"potentialAction\":[{\"@type\":\"ReadAction\",\"target\":[\"https:\\\/\\\/www.tool-factory.de\\\/services\\\/kompetente-fachberatung\\\/\"]}]},{\"@type\":\"BreadcrumbList\",\"@id\":\"https:\\\/\\\/www.tool-factory.de\\\/services\\\/kompetente-fachberatung\\\/#breadcrumb\",\"itemListElement\":[{\"@type\":\"ListItem\",\"position\":1,\"name\":\"Startseite\",\"item\":\"https:\\\/\\\/www.tool-factory.de\\\/\"},{\"@type\":\"ListItem\",\"position\":2,\"name\":\"Us\u0142ugi\",\"item\":\"https:\\\/\\\/www.tool-factory.de\\\/services\\\/\"},{\"@type\":\"ListItem\",\"position\":3,\"name\":\"Doradztwo kompetentnych specjalist\u00f3w\u00a0\"}]},{\"@type\":\"WebSite\",\"@id\":\"https:\\\/\\\/www.tool-factory.de\\\/#website\",\"url\":\"https:\\\/\\\/www.tool-factory.de\\\/\",\"name\":\"Tool Factory\",\"description\":\"Cutting Tool  Solutions\",\"publisher\":{\"@id\":\"https:\\\/\\\/www.tool-factory.de\\\/#organization\"},\"potentialAction\":[{\"@type\":\"SearchAction\",\"target\":{\"@type\":\"EntryPoint\",\"urlTemplate\":\"https:\\\/\\\/www.tool-factory.de\\\/?s={search_term_string}\"},\"query-input\":{\"@type\":\"PropertyValueSpecification\",\"valueRequired\":true,\"valueName\":\"search_term_string\"}}],\"inLanguage\":\"pl-PL\"},{\"@type\":\"Organization\",\"@id\":\"https:\\\/\\\/www.tool-factory.de\\\/#organization\",\"name\":\"TOOL FACTORY Cutting Tool Solutions GmbH\",\"url\":\"https:\\\/\\\/www.tool-factory.de\\\/\",\"logo\":{\"@type\":\"ImageObject\",\"inLanguage\":\"pl-PL\",\"@id\":\"https:\\\/\\\/www.tool-factory.de\\\/#\\\/schema\\\/logo\\\/image\\\/\",\"url\":\"https:\\\/\\\/www.tool-factory.de\\\/wp-content\\\/uploads\\\/2021\\\/07\\\/logo-black.png\",\"contentUrl\":\"https:\\\/\\\/www.tool-factory.de\\\/wp-content\\\/uploads\\\/2021\\\/07\\\/logo-black.png\",\"width\":1163,\"height\":240,\"caption\":\"TOOL FACTORY Cutting Tool Solutions GmbH\"},\"image\":{\"@id\":\"https:\\\/\\\/www.tool-factory.de\\\/#\\\/schema\\\/logo\\\/image\\\/\"},\"sameAs\":[\"https:\\\/\\\/www.facebook.com\\\/TOOLFACTORYGMBH\",\"https:\\\/\\\/www.youtube.com\\\/channel\\\/UCFFxjNlHSyTzpasCaHELiJQ\\\/videos\"]}]}<\/script>\n<!-- \/ Yoast SEO plugin. -->","yoast_head_json":{"title":"Doradztwo kompetentnych specjalist\u00f3w\u00a0 | Tool Factory","description":"Potrzebujesz niestandardowych, op\u0142acalnych rozwi\u0105za\u0144? Skorzystaj z porad ekspert\u00f3w w zakresie obr\u00f3bki skrawaniem.","robots":{"index":"index","follow":"follow","max-snippet":"max-snippet:-1","max-image-preview":"max-image-preview:large","max-video-preview":"max-video-preview:-1"},"canonical":"https:\/\/www.tool-factory.de\/services\/kompetente-fachberatung\/","og_locale":"pl_PL","og_type":"article","og_title":"Doradztwo kompetentnych specjalist\u00f3w\u00a0 | Tool Factory","og_description":"Potrzebujesz niestandardowych, op\u0142acalnych rozwi\u0105za\u0144? Skorzystaj z porad ekspert\u00f3w w zakresie obr\u00f3bki skrawaniem.","og_url":"https:\/\/www.tool-factory.de\/services\/kompetente-fachberatung\/","og_site_name":"Tool Factory","article_publisher":"https:\/\/www.facebook.com\/TOOLFACTORYGMBH","article_modified_time":"2025-08-25T10:27:01+00:00","twitter_card":"summary_large_image","schema":{"@context":"https:\/\/schema.org","@graph":[{"@type":"WebPage","@id":"https:\/\/www.tool-factory.de\/services\/kompetente-fachberatung\/","url":"https:\/\/www.tool-factory.de\/services\/kompetente-fachberatung\/","name":"Doradztwo kompetentnych specjalist\u00f3w\u00a0 | Tool Factory","isPartOf":{"@id":"https:\/\/www.tool-factory.de\/#website"},"datePublished":"2022-05-09T05:42:27+00:00","dateModified":"2025-08-25T10:27:01+00:00","description":"Potrzebujesz niestandardowych, op\u0142acalnych rozwi\u0105za\u0144? Skorzystaj z porad ekspert\u00f3w w zakresie obr\u00f3bki skrawaniem.","breadcrumb":{"@id":"https:\/\/www.tool-factory.de\/services\/kompetente-fachberatung\/#breadcrumb"},"inLanguage":"pl-PL","potentialAction":[{"@type":"ReadAction","target":["https:\/\/www.tool-factory.de\/services\/kompetente-fachberatung\/"]}]},{"@type":"BreadcrumbList","@id":"https:\/\/www.tool-factory.de\/services\/kompetente-fachberatung\/#breadcrumb","itemListElement":[{"@type":"ListItem","position":1,"name":"Startseite","item":"https:\/\/www.tool-factory.de\/"},{"@type":"ListItem","position":2,"name":"Us\u0142ugi","item":"https:\/\/www.tool-factory.de\/services\/"},{"@type":"ListItem","position":3,"name":"Doradztwo kompetentnych specjalist\u00f3w\u00a0"}]},{"@type":"WebSite","@id":"https:\/\/www.tool-factory.de\/#website","url":"https:\/\/www.tool-factory.de\/","name":"Tool Factory","description":"Cutting Tool  Solutions","publisher":{"@id":"https:\/\/www.tool-factory.de\/#organization"},"potentialAction":[{"@type":"SearchAction","target":{"@type":"EntryPoint","urlTemplate":"https:\/\/www.tool-factory.de\/?s={search_term_string}"},"query-input":{"@type":"PropertyValueSpecification","valueRequired":true,"valueName":"search_term_string"}}],"inLanguage":"pl-PL"},{"@type":"Organization","@id":"https:\/\/www.tool-factory.de\/#organization","name":"TOOL FACTORY Cutting Tool Solutions GmbH","url":"https:\/\/www.tool-factory.de\/","logo":{"@type":"ImageObject","inLanguage":"pl-PL","@id":"https:\/\/www.tool-factory.de\/#\/schema\/logo\/image\/","url":"https:\/\/www.tool-factory.de\/wp-content\/uploads\/2021\/07\/logo-black.png","contentUrl":"https:\/\/www.tool-factory.de\/wp-content\/uploads\/2021\/07\/logo-black.png","width":1163,"height":240,"caption":"TOOL FACTORY Cutting Tool Solutions GmbH"},"image":{"@id":"https:\/\/www.tool-factory.de\/#\/schema\/logo\/image\/"},"sameAs":["https:\/\/www.facebook.com\/TOOLFACTORYGMBH","https:\/\/www.youtube.com\/channel\/UCFFxjNlHSyTzpasCaHELiJQ\/videos"]}]}},"_links":{"self":[{"href":"https:\/\/www.tool-factory.de\/pl\/wp-json\/wp\/v2\/pages\/8709","targetHints":{"allow":["GET"]}}],"collection":[{"href":"https:\/\/www.tool-factory.de\/pl\/wp-json\/wp\/v2\/pages"}],"about":[{"href":"https:\/\/www.tool-factory.de\/pl\/wp-json\/wp\/v2\/types\/page"}],"author":[{"embeddable":true,"href":"https:\/\/www.tool-factory.de\/pl\/wp-json\/wp\/v2\/users\/1"}],"replies":[{"embeddable":true,"href":"https:\/\/www.tool-factory.de\/pl\/wp-json\/wp\/v2\/comments?post=8709"}],"version-history":[{"count":2,"href":"https:\/\/www.tool-factory.de\/pl\/wp-json\/wp\/v2\/pages\/8709\/revisions"}],"predecessor-version":[{"id":12720,"href":"https:\/\/www.tool-factory.de\/pl\/wp-json\/wp\/v2\/pages\/8709\/revisions\/12720"}],"up":[{"embeddable":true,"href":"https:\/\/www.tool-factory.de\/pl\/wp-json\/wp\/v2\/pages\/8707"}],"wp:attachment":[{"href":"https:\/\/www.tool-factory.de\/pl\/wp-json\/wp\/v2\/media?parent=8709"}],"curies":[{"name":"wp","href":"https:\/\/api.w.org\/{rel}","templated":true}]}}