{"id":8589,"date":"2022-05-19T15:54:32","date_gmt":"2022-05-19T15:54:32","guid":{"rendered":"https:\/\/www.tool-factory.de\/produkty\/frezy\/"},"modified":"2026-01-19T14:30:20","modified_gmt":"2026-01-19T14:30:20","slug":"frezy","status":"publish","type":"page","link":"https:\/\/www.tool-factory.de\/pl\/produkty\/frezy\/","title":{"rendered":"Frezy"},"content":{"rendered":"\t\t<div data-elementor-type=\"wp-page\" data-elementor-id=\"8589\" class=\"elementor elementor-8589 elementor-733\" data-elementor-post-type=\"page\">\n\t\t\t\t\t\t<section class=\"elementor-section elementor-top-section elementor-element elementor-element-873da51 elementor-section-height-min-height elementor-section-items-bottom elementor-section-boxed elementor-section-height-default\" data-id=\"873da51\" data-element_type=\"section\" data-e-type=\"section\" data-settings=\"{&quot;background_background&quot;:&quot;classic&quot;}\">\n\t\t\t\t\t\t\t<div class=\"elementor-background-overlay\"><\/div>\n\t\t\t\t\t\t\t<div class=\"elementor-container elementor-column-gap-default\">\n\t\t\t\t\t<div class=\"elementor-column elementor-col-100 elementor-top-column elementor-element elementor-element-f00dc23\" data-id=\"f00dc23\" data-element_type=\"column\" data-e-type=\"column\">\n\t\t\t<div class=\"elementor-widget-wrap\">\n\t\t\t\t\t\t\t<\/div>\n\t\t<\/div>\n\t\t\t\t\t<\/div>\n\t\t<\/section>\n\t\t\t\t<section class=\"elementor-section elementor-top-section elementor-element elementor-element-a4f3bf2 elementor-section-boxed elementor-section-height-default elementor-section-height-default\" data-id=\"a4f3bf2\" data-element_type=\"section\" data-e-type=\"section\">\n\t\t\t\t\t\t<div class=\"elementor-container elementor-column-gap-default\">\n\t\t\t\t\t<div class=\"elementor-column elementor-col-100 elementor-top-column elementor-element elementor-element-400220f\" data-id=\"400220f\" data-element_type=\"column\" data-e-type=\"column\">\n\t\t\t<div class=\"elementor-widget-wrap elementor-element-populated\">\n\t\t\t\t\t\t<div class=\"elementor-element elementor-element-9607c1b elementor-widget elementor-widget-heading\" data-id=\"9607c1b\" data-element_type=\"widget\" data-e-type=\"widget\" data-widget_type=\"heading.default\">\n\t\t\t\t<div class=\"elementor-widget-container\">\n\t\t\t\t\t<h1 class=\"elementor-heading-title elementor-size-default\">Frezy<\/h1>\t\t\t\t<\/div>\n\t\t\t\t<\/div>\n\t\t\t\t\t<\/div>\n\t\t<\/div>\n\t\t\t\t\t<\/div>\n\t\t<\/section>\n\t\t\t\t<section class=\"elementor-section elementor-top-section elementor-element elementor-element-5b0b867 animated-slow elementor-section-boxed elementor-section-height-default elementor-section-height-default elementor-invisible\" data-id=\"5b0b867\" data-element_type=\"section\" data-e-type=\"section\" data-settings=\"{&quot;background_background&quot;:&quot;classic&quot;,&quot;animation&quot;:&quot;fadeIn&quot;}\">\n\t\t\t\t\t\t<div class=\"elementor-container elementor-column-gap-default\">\n\t\t\t\t\t<div class=\"elementor-column elementor-col-50 elementor-top-column elementor-element elementor-element-f232bb1\" data-id=\"f232bb1\" data-element_type=\"column\" data-e-type=\"column\">\n\t\t\t<div class=\"elementor-widget-wrap elementor-element-populated\">\n\t\t\t\t\t\t<div class=\"elementor-element elementor-element-eee3966 elementor-widget elementor-widget-text-editor\" data-id=\"eee3966\" data-element_type=\"widget\" data-e-type=\"widget\" data-widget_type=\"text-editor.default\">\n\t\t\t\t<div class=\"elementor-widget-container\">\n\t\t\t\t\t\t\t\t\t<p>Die Frezowanie\u00a0jest jedn\u0105 z najbardziej wszechstronnych metod obr\u00f3bki skrawaniem.\u00a0Nasze\u00a0frezy\u00a0pozwalaj\u0105 osi\u0105gn\u0105\u0107 maksymaln\u0105 obj\u0119to\u015b\u0107 usuwanego materia\u0142u w jednostce czasu i najd\u0142u\u017csz\u0105 \u017cywotno\u015b\u0107 niezale\u017cnie od zastosowania.\u00a0Oferujemy odpowiednie\u00a0narz\u0119dzia frezarskie\u00a0do ka\u017cdego zadania &#8211; od uniwersalnych po specjalne.\u00a0Aby zapewni\u0107 najwy\u017csz\u0105 precyzj\u0119, doskona\u0142\u0105 jako\u015b\u0107 powierzchni, wysok\u0105 niezawodno\u015b\u0107 procesu i efektywno\u015b\u0107 ekonomiczn\u0105, oferujemy bogaty asortyment narz\u0119dzi, za pomoc\u0105 kt\u00f3rych mo\u017cesz wydajnie i niezawodnie realizowa\u0107 niemal wszystkie operacje frezowania.<\/p><p>Nasze\u00a0<a href=\"https:\/\/shop.tool-factory.de\/en\/hauptkatalogartikel\/professional-line\/\" target=\"_blank\" rel=\"noopener\">wysokowydajne frezy pe\u0142now\u0119glikowe<\/a> idealnie nadaj\u0105 si\u0119 do obr\u00f3bki zgrubnej i wyka\u0144czaj\u0105cej.\u00a0Dzi\u0119ki nowoczesnej geometrii z nier\u00f3wnomiern\u0105 podzia\u0142k\u0105 i nier\u00f3wnomiern\u0105 lini\u0105 skr\u0119tu rowka mog\u0105 one by\u0107 stosowane do obr\u00f3bki HPC, MTC i obr\u00f3bki trochoidalnej.\u00a0W zale\u017cno\u015bci od zastosowania i materia\u0142u nasze\u00a0frezy pe\u0142now\u0119glikowe\u00a0s\u0105 dost\u0119pne w r\u00f3\u017cnych wersjach.<\/p><p>Jako alternatyw\u0119 dla narz\u0119dzi pe\u0142now\u0119glikowych oferujemy wysokiej jako\u015bci narz\u0119dzia wykonane ze stali <a href=\"https:\/\/shop.tool-factory.de\/en\/hauptkatalogartikel\/hss-line\/\" target=\"_blank\" rel=\"noopener\">HSS i HSS-PM<\/a>.\u00a0Podczas gdy nasze przyst\u0119pne cenowo narz\u0119dzia frezarskie wykonane z HSS wyr\u00f3\u017cniaj\u0105 si\u0119 doskona\u0142\u0105 wydajno\u015bci\u0105 oraz d\u0142ug\u0105 \u017cywotno\u015bci\u0105 i wytrzyma\u0142o\u015bci\u0105, frezy HSS-PM charakteryzuj\u0105 si\u0119 znacznie wi\u0119ksz\u0105 niezawodno\u015bci\u0105 procesu, d\u0142u\u017csz\u0105 \u017cywotno\u015bci\u0105 i wy\u017cszymi pr\u0119dko\u015bciami skrawania.<\/p><p>Nasz\u0105 ofert\u0119 narz\u0119dzi do frezowania uzupe\u0142niaj\u0105\u00a0<a href=\"https:\/\/shop.tool-factory.de\/en\/wendeplattenkatalogartikel\/flexible-line-fraesen\/\" target=\"_blank\" rel=\"noopener\">p\u0142ytki skrawaj\u0105ce\u00a0i\u00a0narz\u0119dzia z p\u0142ytkami wymiennymi<\/a>.\u00a0Oferujemy\u00a0g\u0142owice frezarskie do obr\u00f3bki p\u0142aszczyzn\u00a0i\u00a0k\u0105towe\u00a0wraz z odpowiednimi\u00a0p\u0142ytkami skrawaj\u0105cymi.<\/p>\t\t\t\t\t\t\t\t<\/div>\n\t\t\t\t<\/div>\n\t\t\t\t\t<\/div>\n\t\t<\/div>\n\t\t\t\t<div class=\"elementor-column elementor-col-50 elementor-top-column elementor-element elementor-element-b289983\" data-id=\"b289983\" data-element_type=\"column\" data-e-type=\"column\">\n\t\t\t<div class=\"elementor-widget-wrap\">\n\t\t\t\t\t\t\t<\/div>\n\t\t<\/div>\n\t\t\t\t\t<\/div>\n\t\t<\/section>\n\t\t\t\t<section class=\"elementor-section elementor-top-section elementor-element elementor-element-b16c873 elementor-section-boxed elementor-section-height-default elementor-section-height-default\" data-id=\"b16c873\" data-element_type=\"section\" data-e-type=\"section\">\n\t\t\t\t\t\t<div class=\"elementor-container elementor-column-gap-wide\">\n\t\t\t\t\t<div class=\"elementor-column elementor-col-33 elementor-top-column elementor-element elementor-element-0ccdc4d\" data-id=\"0ccdc4d\" data-element_type=\"column\" data-e-type=\"column\">\n\t\t\t<div class=\"elementor-widget-wrap elementor-element-populated\">\n\t\t\t\t\t\t<div class=\"elementor-element elementor-element-f1c39c9 elementor-cta--layout-image-above elementor-cta--tablet-layout-image-above elementor-cta--skin-classic elementor-animated-content elementor-bg-transform elementor-bg-transform-zoom-in elementor-widget elementor-widget-call-to-action\" data-id=\"f1c39c9\" data-element_type=\"widget\" data-e-type=\"widget\" data-widget_type=\"call-to-action.default\">\n\t\t\t\t<div class=\"elementor-widget-container\">\n\t\t\t\t\t\t\t<a class=\"elementor-cta\" href=\"https:\/\/www.tool-factory.de\/pl\/produkty\/frezy\/frezy-pelnoweglikowe\/\" target=\"_blank\">\n\t\t\t\t\t<div class=\"elementor-cta__bg-wrapper\">\n\t\t\t\t<div class=\"elementor-cta__bg elementor-bg\" style=\"background-image: url(https:\/\/www.tool-factory.de\/wp-content\/uploads\/2022\/07\/Fraeser-1024x576.jpg);\" role=\"img\" aria-label=\"Fraeser\"><\/div>\n\t\t\t\t<div class=\"elementor-cta__bg-overlay\"><\/div>\n\t\t\t<\/div>\n\t\t\t\t\t\t\t<div class=\"elementor-cta__content\">\n\t\t\t\t\n\t\t\t\t\t\t\t\t\t<h2 class=\"elementor-cta__title elementor-cta__content-item elementor-content-item\">\n\t\t\t\t\t\tFrezy pe\u0142now\u0119glikowe<br><br><br>\t\t\t\t\t<\/h2>\n\t\t\t\t\n\t\t\t\t\n\t\t\t\t\t\t\t\t\t<div class=\"elementor-cta__button-wrapper elementor-cta__content-item elementor-content-item \">\n\t\t\t\t\t<span class=\"elementor-cta__button elementor-button elementor-size-\">\n\t\t\t\t\t\tDowiedz si\u0119 wi\u0119cej\t\t\t\t\t<\/span>\n\t\t\t\t\t<\/div>\n\t\t\t\t\t\t\t<\/div>\n\t\t\t\t\t\t<\/a>\n\t\t\t\t\t\t<\/div>\n\t\t\t\t<\/div>\n\t\t\t\t\t<\/div>\n\t\t<\/div>\n\t\t\t\t<div class=\"elementor-column elementor-col-33 elementor-top-column elementor-element elementor-element-580d47d\" data-id=\"580d47d\" data-element_type=\"column\" data-e-type=\"column\">\n\t\t\t<div class=\"elementor-widget-wrap elementor-element-populated\">\n\t\t\t\t\t\t<div class=\"elementor-element elementor-element-8f5d125 elementor-cta--layout-image-above elementor-cta--tablet-layout-image-above elementor-cta--skin-classic elementor-animated-content elementor-bg-transform elementor-bg-transform-zoom-in elementor-widget elementor-widget-call-to-action\" data-id=\"8f5d125\" data-element_type=\"widget\" data-e-type=\"widget\" data-widget_type=\"call-to-action.default\">\n\t\t\t\t<div class=\"elementor-widget-container\">\n\t\t\t\t\t\t\t<a class=\"elementor-cta\" href=\"https:\/\/www.tool-factory.de\/pl\/produkty\/frezy\/frezy-ze-stali-szybkotnacej-hss\/\" target=\"_blank\">\n\t\t\t\t\t<div class=\"elementor-cta__bg-wrapper\">\n\t\t\t\t<div class=\"elementor-cta__bg elementor-bg\" style=\"background-image: url(https:\/\/www.tool-factory.de\/wp-content\/uploads\/2022\/07\/HSS-Fraeser-1024x569.jpg);\" role=\"img\" aria-label=\"HSS-Fraeser\"><\/div>\n\t\t\t\t<div class=\"elementor-cta__bg-overlay\"><\/div>\n\t\t\t<\/div>\n\t\t\t\t\t\t\t<div class=\"elementor-cta__content\">\n\t\t\t\t\n\t\t\t\t\t\t\t\t\t<h2 class=\"elementor-cta__title elementor-cta__content-item elementor-content-item\">\n\t\t\t\t\t\tFrezy ze stali szybkotn\u0105cej (HSS)<br><br><br>\t\t\t\t\t<\/h2>\n\t\t\t\t\n\t\t\t\t\n\t\t\t\t\t\t\t\t\t<div class=\"elementor-cta__button-wrapper elementor-cta__content-item elementor-content-item \">\n\t\t\t\t\t<span class=\"elementor-cta__button elementor-button elementor-size-\">\n\t\t\t\t\t\tDowiedz si\u0119 wi\u0119cej\t\t\t\t\t<\/span>\n\t\t\t\t\t<\/div>\n\t\t\t\t\t\t\t<\/div>\n\t\t\t\t\t\t<\/a>\n\t\t\t\t\t\t<\/div>\n\t\t\t\t<\/div>\n\t\t\t\t\t<\/div>\n\t\t<\/div>\n\t\t\t\t<div class=\"elementor-column elementor-col-33 elementor-top-column elementor-element elementor-element-96009cf\" data-id=\"96009cf\" data-element_type=\"column\" data-e-type=\"column\">\n\t\t\t<div class=\"elementor-widget-wrap elementor-element-populated\">\n\t\t\t\t\t\t<div class=\"elementor-element elementor-element-d168771 elementor-cta--layout-image-above elementor-cta--tablet-layout-image-above elementor-cta--skin-classic elementor-animated-content elementor-bg-transform elementor-bg-transform-zoom-in elementor-widget elementor-widget-call-to-action\" data-id=\"d168771\" data-element_type=\"widget\" data-e-type=\"widget\" data-widget_type=\"call-to-action.default\">\n\t\t\t\t<div class=\"elementor-widget-container\">\n\t\t\t\t\t\t\t<a class=\"elementor-cta\" href=\"https:\/\/www.tool-factory.de\/pl\/produkty\/frezy\/plytki-skrawajace-i-narzedzia-z-plytkami-wymiennymi\/\" target=\"_blank\">\n\t\t\t\t\t<div class=\"elementor-cta__bg-wrapper\">\n\t\t\t\t<div class=\"elementor-cta__bg elementor-bg\" style=\"background-image: url(https:\/\/www.tool-factory.de\/wp-content\/uploads\/2022\/07\/WSP-WPH-1024x768.jpg);\" role=\"img\" aria-label=\"WSP-WPH\"><\/div>\n\t\t\t\t<div class=\"elementor-cta__bg-overlay\"><\/div>\n\t\t\t<\/div>\n\t\t\t\t\t\t\t<div class=\"elementor-cta__content\">\n\t\t\t\t\n\t\t\t\t\t\t\t\t\t<h2 class=\"elementor-cta__title elementor-cta__content-item elementor-content-item\">\n\t\t\t\t\t\tP\u0142ytki skrawaj\u0105ce i narz\u0119dzia z p\u0142ytkami wymiennymi\t\t\t\t\t<\/h2>\n\t\t\t\t\n\t\t\t\t\n\t\t\t\t\t\t\t\t\t<div class=\"elementor-cta__button-wrapper elementor-cta__content-item elementor-content-item \">\n\t\t\t\t\t<span class=\"elementor-cta__button elementor-button elementor-size-\">\n\t\t\t\t\t\tDowiedz si\u0119 wi\u0119cej\t\t\t\t\t<\/span>\n\t\t\t\t\t<\/div>\n\t\t\t\t\t\t\t<\/div>\n\t\t\t\t\t\t<\/a>\n\t\t\t\t\t\t<\/div>\n\t\t\t\t<\/div>\n\t\t\t\t\t<\/div>\n\t\t<\/div>\n\t\t\t\t\t<\/div>\n\t\t<\/section>\n\t\t\t\t<section class=\"elementor-section elementor-top-section elementor-element elementor-element-d976a8f elementor-section-boxed elementor-section-height-default elementor-section-height-default\" data-id=\"d976a8f\" data-element_type=\"section\" data-e-type=\"section\">\n\t\t\t\t\t\t<div class=\"elementor-container elementor-column-gap-default\">\n\t\t\t\t\t<div class=\"elementor-column elementor-col-100 elementor-top-column elementor-element elementor-element-3af667a\" data-id=\"3af667a\" data-element_type=\"column\" data-e-type=\"column\">\n\t\t\t<div class=\"elementor-widget-wrap\">\n\t\t\t\t\t\t\t<\/div>\n\t\t<\/div>\n\t\t\t\t\t<\/div>\n\t\t<\/section>\n\t\t\t\t<\/div>\n\t\t","protected":false},"excerpt":{"rendered":"<p>Frezy Die Frezowanie\u00a0jest jedn\u0105 z najbardziej wszechstronnych metod obr\u00f3bki skrawaniem.\u00a0Nasze\u00a0frezy\u00a0pozwalaj\u0105 osi\u0105gn\u0105\u0107 maksymaln\u0105 obj\u0119to\u015b\u0107 usuwanego materia\u0142u w jednostce czasu i najd\u0142u\u017csz\u0105 \u017cywotno\u015b\u0107 niezale\u017cnie od zastosowania.\u00a0Oferujemy odpowiednie\u00a0narz\u0119dzia frezarskie\u00a0do ka\u017cdego zadania &#8211; od uniwersalnych po specjalne.\u00a0Aby zapewni\u0107 najwy\u017csz\u0105 precyzj\u0119, doskona\u0142\u0105 jako\u015b\u0107 powierzchni, wysok\u0105 niezawodno\u015b\u0107 procesu i efektywno\u015b\u0107 ekonomiczn\u0105, oferujemy bogaty asortyment narz\u0119dzi, za pomoc\u0105 kt\u00f3rych mo\u017cesz wydajnie i [&hellip;]<\/p>\n","protected":false},"author":1,"featured_media":0,"parent":8562,"menu_order":0,"comment_status":"closed","ping_status":"closed","template":"elementor_header_footer","meta":{"_acf_changed":false,"footnotes":""},"class_list":["post-8589","page","type-page","status-publish","hentry"],"acf":[],"yoast_head":"<!-- This site is optimized with the Yoast SEO plugin v27.3 - https:\/\/yoast.com\/product\/yoast-seo-wordpress\/ -->\n<title>Frezy | Tool Factory<\/title>\n<meta name=\"description\" content=\"Frezy TOOL FACTORY: od frez\u00f3w uniwersalnych po specjalistyczne - zapewniaj\u0105 maksymaln\u0105 wydajno\u015b\u0107 usuwania metalu i najlepsz\u0105 trwa\u0142o\u015b\u0107 narz\u0119dzia.\" \/>\n<meta name=\"robots\" content=\"index, follow, max-snippet:-1, max-image-preview:large, max-video-preview:-1\" \/>\n<link rel=\"canonical\" href=\"https:\/\/www.tool-factory.de\/produkte\/fraeser\/\" \/>\n<meta property=\"og:locale\" content=\"pl_PL\" \/>\n<meta property=\"og:type\" content=\"article\" \/>\n<meta property=\"og:title\" content=\"Frezy | Tool Factory\" \/>\n<meta property=\"og:description\" content=\"Frezy TOOL FACTORY: od frez\u00f3w uniwersalnych po specjalistyczne - zapewniaj\u0105 maksymaln\u0105 wydajno\u015b\u0107 usuwania metalu i najlepsz\u0105 trwa\u0142o\u015b\u0107 narz\u0119dzia.\" \/>\n<meta property=\"og:url\" content=\"https:\/\/www.tool-factory.de\/produkte\/fraeser\/\" \/>\n<meta property=\"og:site_name\" content=\"Tool Factory\" \/>\n<meta property=\"article:publisher\" content=\"https:\/\/www.facebook.com\/TOOLFACTORYGMBH\" \/>\n<meta property=\"article:modified_time\" content=\"2026-01-19T14:30:20+00:00\" \/>\n<meta name=\"twitter:card\" content=\"summary_large_image\" \/>\n<script type=\"application\/ld+json\" class=\"yoast-schema-graph\">{\"@context\":\"https:\\\/\\\/schema.org\",\"@graph\":[{\"@type\":\"WebPage\",\"@id\":\"https:\\\/\\\/www.tool-factory.de\\\/produkte\\\/fraeser\\\/\",\"url\":\"https:\\\/\\\/www.tool-factory.de\\\/produkte\\\/fraeser\\\/\",\"name\":\"Frezy | Tool Factory\",\"isPartOf\":{\"@id\":\"https:\\\/\\\/www.tool-factory.de\\\/#website\"},\"datePublished\":\"2022-05-19T15:54:32+00:00\",\"dateModified\":\"2026-01-19T14:30:20+00:00\",\"description\":\"Frezy TOOL FACTORY: od frez\u00f3w uniwersalnych po specjalistyczne - zapewniaj\u0105 maksymaln\u0105 wydajno\u015b\u0107 usuwania metalu i najlepsz\u0105 trwa\u0142o\u015b\u0107 narz\u0119dzia.\",\"breadcrumb\":{\"@id\":\"https:\\\/\\\/www.tool-factory.de\\\/produkte\\\/fraeser\\\/#breadcrumb\"},\"inLanguage\":\"pl-PL\",\"potentialAction\":[{\"@type\":\"ReadAction\",\"target\":[\"https:\\\/\\\/www.tool-factory.de\\\/produkte\\\/fraeser\\\/\"]}]},{\"@type\":\"BreadcrumbList\",\"@id\":\"https:\\\/\\\/www.tool-factory.de\\\/produkte\\\/fraeser\\\/#breadcrumb\",\"itemListElement\":[{\"@type\":\"ListItem\",\"position\":1,\"name\":\"Startseite\",\"item\":\"https:\\\/\\\/www.tool-factory.de\\\/\"},{\"@type\":\"ListItem\",\"position\":2,\"name\":\"Produkty\",\"item\":\"https:\\\/\\\/www.tool-factory.de\\\/produkte\\\/\"},{\"@type\":\"ListItem\",\"position\":3,\"name\":\"Frezy\"}]},{\"@type\":\"WebSite\",\"@id\":\"https:\\\/\\\/www.tool-factory.de\\\/#website\",\"url\":\"https:\\\/\\\/www.tool-factory.de\\\/\",\"name\":\"Tool Factory\",\"description\":\"Cutting Tool  Solutions\",\"publisher\":{\"@id\":\"https:\\\/\\\/www.tool-factory.de\\\/#organization\"},\"potentialAction\":[{\"@type\":\"SearchAction\",\"target\":{\"@type\":\"EntryPoint\",\"urlTemplate\":\"https:\\\/\\\/www.tool-factory.de\\\/?s={search_term_string}\"},\"query-input\":{\"@type\":\"PropertyValueSpecification\",\"valueRequired\":true,\"valueName\":\"search_term_string\"}}],\"inLanguage\":\"pl-PL\"},{\"@type\":\"Organization\",\"@id\":\"https:\\\/\\\/www.tool-factory.de\\\/#organization\",\"name\":\"TOOL FACTORY Cutting Tool Solutions GmbH\",\"url\":\"https:\\\/\\\/www.tool-factory.de\\\/\",\"logo\":{\"@type\":\"ImageObject\",\"inLanguage\":\"pl-PL\",\"@id\":\"https:\\\/\\\/www.tool-factory.de\\\/#\\\/schema\\\/logo\\\/image\\\/\",\"url\":\"https:\\\/\\\/www.tool-factory.de\\\/wp-content\\\/uploads\\\/2021\\\/07\\\/logo-black.png\",\"contentUrl\":\"https:\\\/\\\/www.tool-factory.de\\\/wp-content\\\/uploads\\\/2021\\\/07\\\/logo-black.png\",\"width\":1163,\"height\":240,\"caption\":\"TOOL FACTORY Cutting Tool Solutions GmbH\"},\"image\":{\"@id\":\"https:\\\/\\\/www.tool-factory.de\\\/#\\\/schema\\\/logo\\\/image\\\/\"},\"sameAs\":[\"https:\\\/\\\/www.facebook.com\\\/TOOLFACTORYGMBH\",\"https:\\\/\\\/www.youtube.com\\\/channel\\\/UCFFxjNlHSyTzpasCaHELiJQ\\\/videos\"]}]}<\/script>\n<!-- \/ Yoast SEO plugin. -->","yoast_head_json":{"title":"Frezy | Tool Factory","description":"Frezy TOOL FACTORY: od frez\u00f3w uniwersalnych po specjalistyczne - zapewniaj\u0105 maksymaln\u0105 wydajno\u015b\u0107 usuwania metalu i najlepsz\u0105 trwa\u0142o\u015b\u0107 narz\u0119dzia.","robots":{"index":"index","follow":"follow","max-snippet":"max-snippet:-1","max-image-preview":"max-image-preview:large","max-video-preview":"max-video-preview:-1"},"canonical":"https:\/\/www.tool-factory.de\/produkte\/fraeser\/","og_locale":"pl_PL","og_type":"article","og_title":"Frezy | Tool Factory","og_description":"Frezy TOOL FACTORY: od frez\u00f3w uniwersalnych po specjalistyczne - zapewniaj\u0105 maksymaln\u0105 wydajno\u015b\u0107 usuwania metalu i najlepsz\u0105 trwa\u0142o\u015b\u0107 narz\u0119dzia.","og_url":"https:\/\/www.tool-factory.de\/produkte\/fraeser\/","og_site_name":"Tool Factory","article_publisher":"https:\/\/www.facebook.com\/TOOLFACTORYGMBH","article_modified_time":"2026-01-19T14:30:20+00:00","twitter_card":"summary_large_image","schema":{"@context":"https:\/\/schema.org","@graph":[{"@type":"WebPage","@id":"https:\/\/www.tool-factory.de\/produkte\/fraeser\/","url":"https:\/\/www.tool-factory.de\/produkte\/fraeser\/","name":"Frezy | Tool Factory","isPartOf":{"@id":"https:\/\/www.tool-factory.de\/#website"},"datePublished":"2022-05-19T15:54:32+00:00","dateModified":"2026-01-19T14:30:20+00:00","description":"Frezy TOOL FACTORY: od frez\u00f3w uniwersalnych po specjalistyczne - zapewniaj\u0105 maksymaln\u0105 wydajno\u015b\u0107 usuwania metalu i najlepsz\u0105 trwa\u0142o\u015b\u0107 narz\u0119dzia.","breadcrumb":{"@id":"https:\/\/www.tool-factory.de\/produkte\/fraeser\/#breadcrumb"},"inLanguage":"pl-PL","potentialAction":[{"@type":"ReadAction","target":["https:\/\/www.tool-factory.de\/produkte\/fraeser\/"]}]},{"@type":"BreadcrumbList","@id":"https:\/\/www.tool-factory.de\/produkte\/fraeser\/#breadcrumb","itemListElement":[{"@type":"ListItem","position":1,"name":"Startseite","item":"https:\/\/www.tool-factory.de\/"},{"@type":"ListItem","position":2,"name":"Produkty","item":"https:\/\/www.tool-factory.de\/produkte\/"},{"@type":"ListItem","position":3,"name":"Frezy"}]},{"@type":"WebSite","@id":"https:\/\/www.tool-factory.de\/#website","url":"https:\/\/www.tool-factory.de\/","name":"Tool Factory","description":"Cutting Tool  Solutions","publisher":{"@id":"https:\/\/www.tool-factory.de\/#organization"},"potentialAction":[{"@type":"SearchAction","target":{"@type":"EntryPoint","urlTemplate":"https:\/\/www.tool-factory.de\/?s={search_term_string}"},"query-input":{"@type":"PropertyValueSpecification","valueRequired":true,"valueName":"search_term_string"}}],"inLanguage":"pl-PL"},{"@type":"Organization","@id":"https:\/\/www.tool-factory.de\/#organization","name":"TOOL FACTORY Cutting Tool Solutions GmbH","url":"https:\/\/www.tool-factory.de\/","logo":{"@type":"ImageObject","inLanguage":"pl-PL","@id":"https:\/\/www.tool-factory.de\/#\/schema\/logo\/image\/","url":"https:\/\/www.tool-factory.de\/wp-content\/uploads\/2021\/07\/logo-black.png","contentUrl":"https:\/\/www.tool-factory.de\/wp-content\/uploads\/2021\/07\/logo-black.png","width":1163,"height":240,"caption":"TOOL FACTORY Cutting Tool Solutions GmbH"},"image":{"@id":"https:\/\/www.tool-factory.de\/#\/schema\/logo\/image\/"},"sameAs":["https:\/\/www.facebook.com\/TOOLFACTORYGMBH","https:\/\/www.youtube.com\/channel\/UCFFxjNlHSyTzpasCaHELiJQ\/videos"]}]}},"_links":{"self":[{"href":"https:\/\/www.tool-factory.de\/pl\/wp-json\/wp\/v2\/pages\/8589","targetHints":{"allow":["GET"]}}],"collection":[{"href":"https:\/\/www.tool-factory.de\/pl\/wp-json\/wp\/v2\/pages"}],"about":[{"href":"https:\/\/www.tool-factory.de\/pl\/wp-json\/wp\/v2\/types\/page"}],"author":[{"embeddable":true,"href":"https:\/\/www.tool-factory.de\/pl\/wp-json\/wp\/v2\/users\/1"}],"replies":[{"embeddable":true,"href":"https:\/\/www.tool-factory.de\/pl\/wp-json\/wp\/v2\/comments?post=8589"}],"version-history":[{"count":9,"href":"https:\/\/www.tool-factory.de\/pl\/wp-json\/wp\/v2\/pages\/8589\/revisions"}],"predecessor-version":[{"id":13566,"href":"https:\/\/www.tool-factory.de\/pl\/wp-json\/wp\/v2\/pages\/8589\/revisions\/13566"}],"up":[{"embeddable":true,"href":"https:\/\/www.tool-factory.de\/pl\/wp-json\/wp\/v2\/pages\/8562"}],"wp:attachment":[{"href":"https:\/\/www.tool-factory.de\/pl\/wp-json\/wp\/v2\/media?parent=8589"}],"curies":[{"name":"wp","href":"https:\/\/api.w.org\/{rel}","templated":true}]}}