{"id":8565,"date":"2022-05-10T20:30:40","date_gmt":"2022-05-10T20:30:40","guid":{"rendered":"https:\/\/www.tool-factory.de\/produkty\/wiertla\/"},"modified":"2024-08-19T08:15:07","modified_gmt":"2024-08-19T08:15:07","slug":"wiertla","status":"publish","type":"page","link":"https:\/\/www.tool-factory.de\/pl\/produkty\/wiertla\/","title":{"rendered":"Wiert\u0142a"},"content":{"rendered":"\t\t<div data-elementor-type=\"wp-page\" data-elementor-id=\"8565\" class=\"elementor elementor-8565 elementor-579\" data-elementor-post-type=\"page\">\n\t\t\t\t\t\t<section class=\"elementor-section elementor-top-section elementor-element elementor-element-873da51 elementor-section-height-min-height elementor-section-items-bottom elementor-section-boxed elementor-section-height-default\" data-id=\"873da51\" data-element_type=\"section\" data-e-type=\"section\" data-settings=\"{&quot;background_background&quot;:&quot;classic&quot;}\">\n\t\t\t\t\t\t\t<div class=\"elementor-background-overlay\"><\/div>\n\t\t\t\t\t\t\t<div class=\"elementor-container elementor-column-gap-default\">\n\t\t\t\t\t<div class=\"elementor-column elementor-col-100 elementor-top-column elementor-element elementor-element-a8ad4c1\" data-id=\"a8ad4c1\" data-element_type=\"column\" data-e-type=\"column\">\n\t\t\t<div class=\"elementor-widget-wrap\">\n\t\t\t\t\t\t\t<\/div>\n\t\t<\/div>\n\t\t\t\t\t<\/div>\n\t\t<\/section>\n\t\t\t\t<section class=\"elementor-section elementor-top-section elementor-element elementor-element-d7a599a elementor-section-boxed elementor-section-height-default elementor-section-height-default\" data-id=\"d7a599a\" data-element_type=\"section\" data-e-type=\"section\">\n\t\t\t\t\t\t<div class=\"elementor-container elementor-column-gap-default\">\n\t\t\t\t\t<div class=\"elementor-column elementor-col-100 elementor-top-column elementor-element elementor-element-400220f\" data-id=\"400220f\" data-element_type=\"column\" data-e-type=\"column\">\n\t\t\t<div class=\"elementor-widget-wrap elementor-element-populated\">\n\t\t\t\t\t\t<div class=\"elementor-element elementor-element-9607c1b elementor-widget elementor-widget-heading\" data-id=\"9607c1b\" data-element_type=\"widget\" data-e-type=\"widget\" data-widget_type=\"heading.default\">\n\t\t\t\t<div class=\"elementor-widget-container\">\n\t\t\t\t\t<h1 class=\"elementor-heading-title elementor-size-default\">Wiert\u0142a<\/h1>\t\t\t\t<\/div>\n\t\t\t\t<\/div>\n\t\t\t\t\t<\/div>\n\t\t<\/div>\n\t\t\t\t\t<\/div>\n\t\t<\/section>\n\t\t\t\t<section class=\"elementor-section elementor-top-section elementor-element elementor-element-5b0b867 animated-slow elementor-section-boxed elementor-section-height-default elementor-section-height-default elementor-invisible\" data-id=\"5b0b867\" data-element_type=\"section\" data-e-type=\"section\" data-settings=\"{&quot;background_background&quot;:&quot;classic&quot;,&quot;animation&quot;:&quot;fadeIn&quot;}\">\n\t\t\t\t\t\t<div class=\"elementor-container elementor-column-gap-default\">\n\t\t\t\t\t<div class=\"elementor-column elementor-col-50 elementor-top-column elementor-element elementor-element-f232bb1\" data-id=\"f232bb1\" data-element_type=\"column\" data-e-type=\"column\">\n\t\t\t<div class=\"elementor-widget-wrap elementor-element-populated\">\n\t\t\t\t\t\t<div class=\"elementor-element elementor-element-eee3966 elementor-widget elementor-widget-text-editor\" data-id=\"eee3966\" data-element_type=\"widget\" data-e-type=\"widget\" data-widget_type=\"text-editor.default\">\n\t\t\t\t<div class=\"elementor-widget-container\">\n\t\t\t\t\t\t\t\t\t<p>W naszym asortymencie znajdziesz wszystkie najcz\u0119\u015bciej stosowane\u00a0wiert\u0142a\u00a0w najr\u00f3\u017cniejszych wariantach.\u00a0Dzi\u0119ki temu mo\u017cemy zaoferowa\u0107 produkty do wszystkich standardowych zastosowa\u0144 przemys\u0142owych.<\/p><p>Nasze\u00a0wysokowydajne wiert\u0142a pe\u0142now\u0119glikowe\u00a0s\u0105 przeznaczone do szerokiej gamy materia\u0142\u00f3w i dlatego nadaj\u0105 si\u0119 do uniwersalnego zastosowania.\u00a0Dla u\u017cytkownik\u00f3w oznacza to nieskomplikowany wyb\u00f3r produkt\u00f3w i\u00a0mniejsz\u0105 liczb\u0119\u00a0narz\u0119dzi.\u00a0Proste g\u0142\u00f3wne kraw\u0119dzie skrawaj\u0105ce i wzmocniona geometria zapewniaj\u0105\u00a0optymalne \u0142amanie wi\u00f3r\u00f3w\u00a0i\u00a0najwy\u017cszy poziom niezawodno\u015bci procesu.<\/p><p>Je\u015bli chodzi o wiercenie g\u0142\u0119bokich otwor\u00f3w, w naszym asortymencie posiadamy wiert\u0142a do g\u0142\u0119bokich otwor\u00f3w maks. 40xD. S\u0105 one stosowane do r\u00f3\u017cnych zada\u0144 obr\u00f3bczych i w r\u00f3\u017cnych bran\u017cach, takich jak technika medyczna i produkcja form, a tak\u017ce do obr\u00f3bki pr\u0119t\u00f3w wiertniczych wykorzystywanych do wydobywania ropy naftowej.<\/p><p>Najwy\u017csze wymagania stawiane s\u0105 najmniejszym narz\u0119dziom. Nasze wiert\u0142a miniaturowe o \u015brednicy od 0,8 mm imponuj\u0105 wysok\u0105 jako\u015bci\u0105 wykonywanych otwor\u00f3w i dobrymi w\u0142a\u015bciwo\u015bciami samocentruj\u0105cymi, tak\u017ce w niekorzystnych warunkach pracy. S\u0105 one dost\u0119pne w d\u0142ugo\u015bciach 4xD, 7xD, a 8xD i 15xD z ch\u0142odzeniem wewn\u0119trznym.<\/p><p>Przy u\u017cyciu naszych <a href=\"https:\/\/shop.tool-factory.de\/en\/hauptkatalogartikel\/drilling-line\/\" target=\"_blank\" rel=\"noopener\">wysokowydajnych wierte\u0142 pe\u0142now\u0119glikowych<\/a> mo\u017cna sprosta\u0107 najtrudniejszym wymaganiom w zakresie obr\u00f3bki metali. <a href=\"https:\/\/shop.tool-factory.de\/en\/wendeplattenkatalogartikel\/flexible-line-bohren\/\" target=\"_blank\" rel=\"noopener\">Wiert\u0142a pe\u0142now\u0119glikowe z p\u0142ytkami<\/a> wymiennymi nadaj\u0105 si\u0119 z kolei do efektywnej produkcji otwor\u00f3w o wi\u0119kszych \u015brednicach w produkcji seryjnej.<\/p><p>Zawsze zwracamy uwag\u0119 na najwy\u017csz\u0105\u00a0jako\u015b\u0107: zar\u00f3wno narz\u0119dzia, jak i obr\u00f3bki, pocz\u0105wszy od wierzcho\u0142ka, poprzez kraw\u0119d\u017a skrawaj\u0105c\u0105, a\u017c po chwyt ka\u017cdego wiert\u0142a: od najmniejszej do najwi\u0119kszej \u015brednicy.\u00a0Jednak\u017ce nie tylko jako\u015b\u0107, ale tak\u017ce inne czynniki maj\u0105 kluczowe znaczenie dla uzyskania najwy\u017cszej precyzji i najlepszych wynik\u00f3w wiercenia.\u00a0Podczas gdy\u00a0zoptymalizowana geometria\u00a0zwi\u0119ksza produktywno\u015b\u0107 dzi\u0119ki lepszemu centrowaniu i umo\u017cliwia uzyskanie wy\u017cszych parametr\u00f3w skrawania, ch\u0142odzenie wewn\u0119trzne\u00a0zapewnia d\u0142u\u017csz\u0105 \u017cywotno\u015bci narz\u0119dzia.\u00a0Ponadto pow\u0142oki dostosowane do konkretnych zastosowa\u0144 umo\u017cliwiaj\u0105 skuteczniejsze odprowadzanie wi\u00f3r\u00f3w i zmniejszenie tarcia.<\/p>\t\t\t\t\t\t\t\t<\/div>\n\t\t\t\t<\/div>\n\t\t\t\t\t<\/div>\n\t\t<\/div>\n\t\t\t\t<div class=\"elementor-column elementor-col-50 elementor-top-column elementor-element elementor-element-b289983\" data-id=\"b289983\" data-element_type=\"column\" data-e-type=\"column\">\n\t\t\t<div class=\"elementor-widget-wrap\">\n\t\t\t\t\t\t\t<\/div>\n\t\t<\/div>\n\t\t\t\t\t<\/div>\n\t\t<\/section>\n\t\t\t\t<section class=\"elementor-section elementor-top-section elementor-element elementor-element-b16c873 elementor-section-boxed elementor-section-height-default elementor-section-height-default\" data-id=\"b16c873\" data-element_type=\"section\" data-e-type=\"section\">\n\t\t\t\t\t\t<div class=\"elementor-container elementor-column-gap-wide\">\n\t\t\t\t\t<div class=\"elementor-column elementor-col-50 elementor-top-column elementor-element elementor-element-580d47d\" data-id=\"580d47d\" data-element_type=\"column\" data-e-type=\"column\">\n\t\t\t<div class=\"elementor-widget-wrap elementor-element-populated\">\n\t\t\t\t\t\t<div class=\"elementor-element elementor-element-8f5d125 elementor-cta--layout-image-above elementor-cta--tablet-layout-image-above elementor-cta--valign-top elementor-cta--skin-classic elementor-animated-content elementor-bg-transform elementor-bg-transform-zoom-in elementor-widget elementor-widget-call-to-action\" data-id=\"8f5d125\" data-element_type=\"widget\" data-e-type=\"widget\" data-widget_type=\"call-to-action.default\">\n\t\t\t\t<div class=\"elementor-widget-container\">\n\t\t\t\t\t\t\t<a class=\"elementor-cta\" href=\"https:\/\/www.tool-factory.de\/pl\/produkty\/wiertla\/wiertla-pelnoweglikowe\/\" target=\"_blank\">\n\t\t\t\t\t<div class=\"elementor-cta__bg-wrapper\">\n\t\t\t\t<div class=\"elementor-cta__bg elementor-bg\" style=\"background-image: url(https:\/\/www.tool-factory.de\/wp-content\/uploads\/2022\/08\/Bohrer-klein-1024x768.jpg);\" role=\"img\" aria-label=\"Bohrer-klein\"><\/div>\n\t\t\t\t<div class=\"elementor-cta__bg-overlay\"><\/div>\n\t\t\t<\/div>\n\t\t\t\t\t\t\t<div class=\"elementor-cta__content\">\n\t\t\t\t\n\t\t\t\t\t\t\t\t\t<h2 class=\"elementor-cta__title elementor-cta__content-item elementor-content-item\">\n\t\t\t\t\t\tWiert\u0142a\u00a0pe\u0142now\u0119glikowe<br><br>\t\t\t\t\t<\/h2>\n\t\t\t\t\n\t\t\t\t\n\t\t\t\t\t\t\t\t\t<div class=\"elementor-cta__button-wrapper elementor-cta__content-item elementor-content-item \">\n\t\t\t\t\t<span class=\"elementor-cta__button elementor-button elementor-size-\">\n\t\t\t\t\t\tDowiedz si\u0119 wi\u0119cej\t\t\t\t\t<\/span>\n\t\t\t\t\t<\/div>\n\t\t\t\t\t\t\t<\/div>\n\t\t\t\t\t\t<\/a>\n\t\t\t\t\t\t<\/div>\n\t\t\t\t<\/div>\n\t\t\t\t\t<\/div>\n\t\t<\/div>\n\t\t\t\t<div class=\"elementor-column elementor-col-50 elementor-top-column elementor-element elementor-element-c789e54\" data-id=\"c789e54\" data-element_type=\"column\" data-e-type=\"column\">\n\t\t\t<div class=\"elementor-widget-wrap elementor-element-populated\">\n\t\t\t\t\t\t<div class=\"elementor-element elementor-element-eb07057 elementor-cta--layout-image-above elementor-cta--tablet-layout-image-above elementor-cta--skin-classic elementor-animated-content elementor-bg-transform elementor-bg-transform-zoom-in elementor-widget elementor-widget-call-to-action\" data-id=\"eb07057\" data-element_type=\"widget\" data-e-type=\"widget\" data-widget_type=\"call-to-action.default\">\n\t\t\t\t<div class=\"elementor-widget-container\">\n\t\t\t\t\t\t\t<a class=\"elementor-cta\" href=\"https:\/\/www.tool-factory.de\/pl\/produkty\/wiertla\/wymienne-plytki-skrawajace-i-wiertla-z-plytkami-wymiennymi\/\" target=\"_blank\">\n\t\t\t\t\t<div class=\"elementor-cta__bg-wrapper\">\n\t\t\t\t<div class=\"elementor-cta__bg elementor-bg\" style=\"background-image: url(https:\/\/www.tool-factory.de\/wp-content\/uploads\/2022\/06\/Icon-WP-WPB-1024x768.jpg);\" role=\"img\" aria-label=\"Icon-WP-WPB\"><\/div>\n\t\t\t\t<div class=\"elementor-cta__bg-overlay\"><\/div>\n\t\t\t<\/div>\n\t\t\t\t\t\t\t<div class=\"elementor-cta__content\">\n\t\t\t\t\n\t\t\t\t\t\t\t\t\t<h2 class=\"elementor-cta__title elementor-cta__content-item elementor-content-item\">\n\t\t\t\t\t\tWymienne p\u0142ytki skrawaj\u0105ce i wiert\u0142a z p\u0142ytkami wymiennymi\t\t\t\t\t<\/h2>\n\t\t\t\t\n\t\t\t\t\n\t\t\t\t\t\t\t\t\t<div class=\"elementor-cta__button-wrapper elementor-cta__content-item elementor-content-item \">\n\t\t\t\t\t<span class=\"elementor-cta__button elementor-button elementor-size-\">\n\t\t\t\t\t\tDowiedz si\u0119 wi\u0119cej\t\t\t\t\t<\/span>\n\t\t\t\t\t<\/div>\n\t\t\t\t\t\t\t<\/div>\n\t\t\t\t\t\t<\/a>\n\t\t\t\t\t\t<\/div>\n\t\t\t\t<\/div>\n\t\t\t\t\t<\/div>\n\t\t<\/div>\n\t\t\t\t\t<\/div>\n\t\t<\/section>\n\t\t\t\t<\/div>\n\t\t","protected":false},"excerpt":{"rendered":"<p>Wiert\u0142a W naszym asortymencie znajdziesz wszystkie najcz\u0119\u015bciej stosowane\u00a0wiert\u0142a\u00a0w najr\u00f3\u017cniejszych wariantach.\u00a0Dzi\u0119ki temu mo\u017cemy zaoferowa\u0107 produkty do wszystkich standardowych zastosowa\u0144 przemys\u0142owych. Nasze\u00a0wysokowydajne wiert\u0142a pe\u0142now\u0119glikowe\u00a0s\u0105 przeznaczone do szerokiej gamy materia\u0142\u00f3w i dlatego nadaj\u0105 si\u0119 do uniwersalnego zastosowania.\u00a0Dla u\u017cytkownik\u00f3w oznacza to nieskomplikowany wyb\u00f3r produkt\u00f3w i\u00a0mniejsz\u0105 liczb\u0119\u00a0narz\u0119dzi.\u00a0Proste g\u0142\u00f3wne kraw\u0119dzie skrawaj\u0105ce i wzmocniona geometria zapewniaj\u0105\u00a0optymalne \u0142amanie wi\u00f3r\u00f3w\u00a0i\u00a0najwy\u017cszy poziom niezawodno\u015bci procesu. Je\u015bli [&hellip;]<\/p>\n","protected":false},"author":1,"featured_media":0,"parent":8562,"menu_order":0,"comment_status":"closed","ping_status":"closed","template":"elementor_header_footer","meta":{"_acf_changed":false,"footnotes":""},"class_list":["post-8565","page","type-page","status-publish","hentry"],"acf":[],"yoast_head":"<!-- This site is optimized with the Yoast SEO plugin v27.3 - https:\/\/yoast.com\/product\/yoast-seo-wordpress\/ -->\n<title>Wiert\u0142a | Tool Factory<\/title>\n<meta name=\"description\" content=\"Nasze wysokiej jako\u015bci wiert\u0142a o najwy\u017cszej precyzji i najlepszych wynikach wiercenia obejmuj\u0105 wszystkie standardowe zastosowania przemys\u0142owe.\" \/>\n<meta name=\"robots\" content=\"index, follow, max-snippet:-1, max-image-preview:large, max-video-preview:-1\" \/>\n<link rel=\"canonical\" href=\"https:\/\/www.tool-factory.de\/produkte\/bohrer\/\" \/>\n<meta property=\"og:locale\" content=\"pl_PL\" \/>\n<meta property=\"og:type\" content=\"article\" \/>\n<meta property=\"og:title\" content=\"Wiert\u0142a | Tool Factory\" \/>\n<meta property=\"og:description\" content=\"Nasze wysokiej jako\u015bci wiert\u0142a o najwy\u017cszej precyzji i najlepszych wynikach wiercenia obejmuj\u0105 wszystkie standardowe zastosowania przemys\u0142owe.\" \/>\n<meta property=\"og:url\" content=\"https:\/\/www.tool-factory.de\/produkte\/bohrer\/\" \/>\n<meta property=\"og:site_name\" content=\"Tool Factory\" \/>\n<meta property=\"article:publisher\" content=\"https:\/\/www.facebook.com\/TOOLFACTORYGMBH\" \/>\n<meta property=\"article:modified_time\" content=\"2024-08-19T08:15:07+00:00\" \/>\n<meta name=\"twitter:card\" content=\"summary_large_image\" \/>\n<script type=\"application\/ld+json\" class=\"yoast-schema-graph\">{\"@context\":\"https:\\\/\\\/schema.org\",\"@graph\":[{\"@type\":\"WebPage\",\"@id\":\"https:\\\/\\\/www.tool-factory.de\\\/produkte\\\/bohrer\\\/\",\"url\":\"https:\\\/\\\/www.tool-factory.de\\\/produkte\\\/bohrer\\\/\",\"name\":\"Wiert\u0142a | Tool Factory\",\"isPartOf\":{\"@id\":\"https:\\\/\\\/www.tool-factory.de\\\/#website\"},\"datePublished\":\"2022-05-10T20:30:40+00:00\",\"dateModified\":\"2024-08-19T08:15:07+00:00\",\"description\":\"Nasze wysokiej jako\u015bci wiert\u0142a o najwy\u017cszej precyzji i najlepszych wynikach wiercenia obejmuj\u0105 wszystkie standardowe zastosowania przemys\u0142owe.\",\"breadcrumb\":{\"@id\":\"https:\\\/\\\/www.tool-factory.de\\\/produkte\\\/bohrer\\\/#breadcrumb\"},\"inLanguage\":\"pl-PL\",\"potentialAction\":[{\"@type\":\"ReadAction\",\"target\":[\"https:\\\/\\\/www.tool-factory.de\\\/produkte\\\/bohrer\\\/\"]}]},{\"@type\":\"BreadcrumbList\",\"@id\":\"https:\\\/\\\/www.tool-factory.de\\\/produkte\\\/bohrer\\\/#breadcrumb\",\"itemListElement\":[{\"@type\":\"ListItem\",\"position\":1,\"name\":\"Startseite\",\"item\":\"https:\\\/\\\/www.tool-factory.de\\\/\"},{\"@type\":\"ListItem\",\"position\":2,\"name\":\"Produkty\",\"item\":\"https:\\\/\\\/www.tool-factory.de\\\/produkte\\\/\"},{\"@type\":\"ListItem\",\"position\":3,\"name\":\"Wiert\u0142a\"}]},{\"@type\":\"WebSite\",\"@id\":\"https:\\\/\\\/www.tool-factory.de\\\/#website\",\"url\":\"https:\\\/\\\/www.tool-factory.de\\\/\",\"name\":\"Tool Factory\",\"description\":\"Cutting Tool  Solutions\",\"publisher\":{\"@id\":\"https:\\\/\\\/www.tool-factory.de\\\/#organization\"},\"potentialAction\":[{\"@type\":\"SearchAction\",\"target\":{\"@type\":\"EntryPoint\",\"urlTemplate\":\"https:\\\/\\\/www.tool-factory.de\\\/?s={search_term_string}\"},\"query-input\":{\"@type\":\"PropertyValueSpecification\",\"valueRequired\":true,\"valueName\":\"search_term_string\"}}],\"inLanguage\":\"pl-PL\"},{\"@type\":\"Organization\",\"@id\":\"https:\\\/\\\/www.tool-factory.de\\\/#organization\",\"name\":\"TOOL FACTORY Cutting Tool Solutions GmbH\",\"url\":\"https:\\\/\\\/www.tool-factory.de\\\/\",\"logo\":{\"@type\":\"ImageObject\",\"inLanguage\":\"pl-PL\",\"@id\":\"https:\\\/\\\/www.tool-factory.de\\\/#\\\/schema\\\/logo\\\/image\\\/\",\"url\":\"https:\\\/\\\/www.tool-factory.de\\\/wp-content\\\/uploads\\\/2021\\\/07\\\/logo-black.png\",\"contentUrl\":\"https:\\\/\\\/www.tool-factory.de\\\/wp-content\\\/uploads\\\/2021\\\/07\\\/logo-black.png\",\"width\":1163,\"height\":240,\"caption\":\"TOOL FACTORY Cutting Tool Solutions GmbH\"},\"image\":{\"@id\":\"https:\\\/\\\/www.tool-factory.de\\\/#\\\/schema\\\/logo\\\/image\\\/\"},\"sameAs\":[\"https:\\\/\\\/www.facebook.com\\\/TOOLFACTORYGMBH\",\"https:\\\/\\\/www.youtube.com\\\/channel\\\/UCFFxjNlHSyTzpasCaHELiJQ\\\/videos\"]}]}<\/script>\n<!-- \/ Yoast SEO plugin. -->","yoast_head_json":{"title":"Wiert\u0142a | Tool Factory","description":"Nasze wysokiej jako\u015bci wiert\u0142a o najwy\u017cszej precyzji i najlepszych wynikach wiercenia obejmuj\u0105 wszystkie standardowe zastosowania przemys\u0142owe.","robots":{"index":"index","follow":"follow","max-snippet":"max-snippet:-1","max-image-preview":"max-image-preview:large","max-video-preview":"max-video-preview:-1"},"canonical":"https:\/\/www.tool-factory.de\/produkte\/bohrer\/","og_locale":"pl_PL","og_type":"article","og_title":"Wiert\u0142a | Tool Factory","og_description":"Nasze wysokiej jako\u015bci wiert\u0142a o najwy\u017cszej precyzji i najlepszych wynikach wiercenia obejmuj\u0105 wszystkie standardowe zastosowania przemys\u0142owe.","og_url":"https:\/\/www.tool-factory.de\/produkte\/bohrer\/","og_site_name":"Tool Factory","article_publisher":"https:\/\/www.facebook.com\/TOOLFACTORYGMBH","article_modified_time":"2024-08-19T08:15:07+00:00","twitter_card":"summary_large_image","schema":{"@context":"https:\/\/schema.org","@graph":[{"@type":"WebPage","@id":"https:\/\/www.tool-factory.de\/produkte\/bohrer\/","url":"https:\/\/www.tool-factory.de\/produkte\/bohrer\/","name":"Wiert\u0142a | Tool Factory","isPartOf":{"@id":"https:\/\/www.tool-factory.de\/#website"},"datePublished":"2022-05-10T20:30:40+00:00","dateModified":"2024-08-19T08:15:07+00:00","description":"Nasze wysokiej jako\u015bci wiert\u0142a o najwy\u017cszej precyzji i najlepszych wynikach wiercenia obejmuj\u0105 wszystkie standardowe zastosowania przemys\u0142owe.","breadcrumb":{"@id":"https:\/\/www.tool-factory.de\/produkte\/bohrer\/#breadcrumb"},"inLanguage":"pl-PL","potentialAction":[{"@type":"ReadAction","target":["https:\/\/www.tool-factory.de\/produkte\/bohrer\/"]}]},{"@type":"BreadcrumbList","@id":"https:\/\/www.tool-factory.de\/produkte\/bohrer\/#breadcrumb","itemListElement":[{"@type":"ListItem","position":1,"name":"Startseite","item":"https:\/\/www.tool-factory.de\/"},{"@type":"ListItem","position":2,"name":"Produkty","item":"https:\/\/www.tool-factory.de\/produkte\/"},{"@type":"ListItem","position":3,"name":"Wiert\u0142a"}]},{"@type":"WebSite","@id":"https:\/\/www.tool-factory.de\/#website","url":"https:\/\/www.tool-factory.de\/","name":"Tool Factory","description":"Cutting Tool  Solutions","publisher":{"@id":"https:\/\/www.tool-factory.de\/#organization"},"potentialAction":[{"@type":"SearchAction","target":{"@type":"EntryPoint","urlTemplate":"https:\/\/www.tool-factory.de\/?s={search_term_string}"},"query-input":{"@type":"PropertyValueSpecification","valueRequired":true,"valueName":"search_term_string"}}],"inLanguage":"pl-PL"},{"@type":"Organization","@id":"https:\/\/www.tool-factory.de\/#organization","name":"TOOL FACTORY Cutting Tool Solutions GmbH","url":"https:\/\/www.tool-factory.de\/","logo":{"@type":"ImageObject","inLanguage":"pl-PL","@id":"https:\/\/www.tool-factory.de\/#\/schema\/logo\/image\/","url":"https:\/\/www.tool-factory.de\/wp-content\/uploads\/2021\/07\/logo-black.png","contentUrl":"https:\/\/www.tool-factory.de\/wp-content\/uploads\/2021\/07\/logo-black.png","width":1163,"height":240,"caption":"TOOL FACTORY Cutting Tool Solutions GmbH"},"image":{"@id":"https:\/\/www.tool-factory.de\/#\/schema\/logo\/image\/"},"sameAs":["https:\/\/www.facebook.com\/TOOLFACTORYGMBH","https:\/\/www.youtube.com\/channel\/UCFFxjNlHSyTzpasCaHELiJQ\/videos"]}]}},"_links":{"self":[{"href":"https:\/\/www.tool-factory.de\/pl\/wp-json\/wp\/v2\/pages\/8565","targetHints":{"allow":["GET"]}}],"collection":[{"href":"https:\/\/www.tool-factory.de\/pl\/wp-json\/wp\/v2\/pages"}],"about":[{"href":"https:\/\/www.tool-factory.de\/pl\/wp-json\/wp\/v2\/types\/page"}],"author":[{"embeddable":true,"href":"https:\/\/www.tool-factory.de\/pl\/wp-json\/wp\/v2\/users\/1"}],"replies":[{"embeddable":true,"href":"https:\/\/www.tool-factory.de\/pl\/wp-json\/wp\/v2\/comments?post=8565"}],"version-history":[{"count":0,"href":"https:\/\/www.tool-factory.de\/pl\/wp-json\/wp\/v2\/pages\/8565\/revisions"}],"up":[{"embeddable":true,"href":"https:\/\/www.tool-factory.de\/pl\/wp-json\/wp\/v2\/pages\/8562"}],"wp:attachment":[{"href":"https:\/\/www.tool-factory.de\/pl\/wp-json\/wp\/v2\/media?parent=8565"}],"curies":[{"name":"wp","href":"https:\/\/api.w.org\/{rel}","templated":true}]}}