{"id":10709,"date":"2022-07-19T08:41:26","date_gmt":"2022-07-19T08:41:26","guid":{"rendered":"https:\/\/www.tool-factory.de\/wylaczenie-odpowiedzialnosci\/"},"modified":"2024-07-18T11:55:45","modified_gmt":"2024-07-18T11:55:45","slug":"wylaczenie-odpowiedzialnosci","status":"publish","type":"page","link":"https:\/\/www.tool-factory.de\/pl\/wylaczenie-odpowiedzialnosci\/","title":{"rendered":"Wy\u0142\u0105czenie odpowiedzialno\u015bci"},"content":{"rendered":"\t\t<div data-elementor-type=\"wp-page\" data-elementor-id=\"10709\" class=\"elementor elementor-10709 elementor-2616\" data-elementor-post-type=\"page\">\n\t\t\t\t\t\t<section class=\"elementor-section elementor-top-section elementor-element elementor-element-4d2a73e elementor-section-height-min-height elementor-section-items-bottom elementor-section-boxed elementor-section-height-default\" data-id=\"4d2a73e\" data-element_type=\"section\" data-e-type=\"section\" data-settings=\"{&quot;background_background&quot;:&quot;classic&quot;}\">\n\t\t\t\t\t\t\t<div class=\"elementor-background-overlay\"><\/div>\n\t\t\t\t\t\t\t<div class=\"elementor-container elementor-column-gap-default\">\n\t\t\t\t\t<div class=\"elementor-column elementor-col-100 elementor-top-column elementor-element elementor-element-d43590b\" data-id=\"d43590b\" data-element_type=\"column\" data-e-type=\"column\">\n\t\t\t<div class=\"elementor-widget-wrap elementor-element-populated\">\n\t\t\t\t\t\t<div class=\"elementor-element elementor-element-6f4ae04 elementor-widget elementor-widget-heading\" data-id=\"6f4ae04\" data-element_type=\"widget\" data-e-type=\"widget\" data-widget_type=\"heading.default\">\n\t\t\t\t<div class=\"elementor-widget-container\">\n\t\t\t\t\t<h1 class=\"elementor-heading-title elementor-size-default\">Wy\u0142\u0105czenie odpowiedzialno\u015bci<\/h1>\t\t\t\t<\/div>\n\t\t\t\t<\/div>\n\t\t\t\t\t<\/div>\n\t\t<\/div>\n\t\t\t\t\t<\/div>\n\t\t<\/section>\n\t\t\t\t<section class=\"elementor-section elementor-top-section elementor-element elementor-element-bd260a6 elementor-section-boxed elementor-section-height-default elementor-section-height-default\" data-id=\"bd260a6\" data-element_type=\"section\" data-e-type=\"section\">\n\t\t\t\t\t\t<div class=\"elementor-container elementor-column-gap-default\">\n\t\t\t\t\t<div class=\"elementor-column elementor-col-100 elementor-top-column elementor-element elementor-element-72723da\" data-id=\"72723da\" data-element_type=\"column\" data-e-type=\"column\">\n\t\t\t<div class=\"elementor-widget-wrap elementor-element-populated\">\n\t\t\t\t\t\t<div class=\"elementor-element elementor-element-a776455 elementor-widget elementor-widget-heading\" data-id=\"a776455\" data-element_type=\"widget\" data-e-type=\"widget\" data-widget_type=\"heading.default\">\n\t\t\t\t<div class=\"elementor-widget-container\">\n\t\t\t\t\t<h2 class=\"elementor-heading-title elementor-size-default\">Odpowiedzialno\u015b\u0107 za tre\u015b\u0107 (Disclaimer)<\/h2>\t\t\t\t<\/div>\n\t\t\t\t<\/div>\n\t\t\t\t<div class=\"elementor-element elementor-element-1ee8062 elementor-widget elementor-widget-text-editor\" data-id=\"1ee8062\" data-element_type=\"widget\" data-e-type=\"widget\" data-widget_type=\"text-editor.default\">\n\t\t\t\t<div class=\"elementor-widget-container\">\n\t\t\t\t\t\t\t\t\t<p>Als Diensteanbieter sind wir gem\u00e4\u00df \u00a7 7 Abs.1 TMG f\u00fcr eigene Inhalte auf diesen Seiten nach den allgemeinen Gesetzen verantwortlich. Nach \u00a7\u00a7 8 bis 10 TMG sind wir als Diensteanbieter jedoch nicht verpflichtet, \u00fcbermittelte oder gespeicherte fremde Informationen zu \u00fcberwachen oder nach Umst\u00e4nden zu forschen, die auf eine rechtswidrige T\u00e4tigkeit hinweisen. Verpflichtungen zur Entfernung oder Sperrung der Nutzung von Informationen nach den allgemeinen Gesetzen bleiben hiervon unber\u00fchrt. Eine diesbez\u00fcgliche Haftung ist jedoch erst ab dem Zeitpunkt der Kenntnis einer konkreten Rechtsverletzung m\u00f6glich. Bei Bekanntwerden von entsprechenden Rechtsverletzungen werden wir diese Inhalte umgehend entfernen.<\/p>\n\t\t\t\t\t\t\t\t<\/div>\n\t\t\t\t<\/div>\n\t\t\t\t<div class=\"elementor-element elementor-element-7cfc27a elementor-widget elementor-widget-heading\" data-id=\"7cfc27a\" data-element_type=\"widget\" data-e-type=\"widget\" data-widget_type=\"heading.default\">\n\t\t\t\t<div class=\"elementor-widget-container\">\n\t\t\t\t\t<h2 class=\"elementor-heading-title elementor-size-default\">Odpowiedzialno\u015b\u0107 za linki<\/h2>\t\t\t\t<\/div>\n\t\t\t\t<\/div>\n\t\t\t\t<div class=\"elementor-element elementor-element-fa651b2 elementor-widget elementor-widget-text-editor\" data-id=\"fa651b2\" data-element_type=\"widget\" data-e-type=\"widget\" data-widget_type=\"text-editor.default\">\n\t\t\t\t<div class=\"elementor-widget-container\">\n\t\t\t\t\t\t\t\t\t<p>Unser Angebot enth\u00e4lt Links zu externen Webseiten Dritter, auf deren Inhalte wir keinen Einfluss haben. Deshalb k\u00f6nnen wir f\u00fcr diese fremden Inhalte auch keine Gew\u00e4hr \u00fcbernehmen. F\u00fcr die Inhalte der verlinkten Seiten ist stets der jeweilige Anbieter oder Betreiber der Seiten verantwortlich. Die verlinkten Seiten wurden zum Zeitpunkt der Verlinkung auf m\u00f6gliche Rechtsverst\u00f6\u00dfe \u00fcberpr\u00fcft. Rechtswidrige Inhalte waren zum Zeitpunkt der Verlinkung nicht erkennbar. Eine permanente inhaltliche Kontrolle der verlinkten Seiten ist jedoch ohne konkrete Anhaltspunkte einer Rechtsverletzung nicht zumutbar. Bei Bekanntwerden von Rechtsverletzungen werden wir derartige Links umgehend entfernen.<\/p>\n\t\t\t\t\t\t\t\t<\/div>\n\t\t\t\t<\/div>\n\t\t\t\t<div class=\"elementor-element elementor-element-6f476d2 elementor-widget elementor-widget-heading\" data-id=\"6f476d2\" data-element_type=\"widget\" data-e-type=\"widget\" data-widget_type=\"heading.default\">\n\t\t\t\t<div class=\"elementor-widget-container\">\n\t\t\t\t\t<h2 class=\"elementor-heading-title elementor-size-default\">Prawa autorskie<\/h2>\t\t\t\t<\/div>\n\t\t\t\t<\/div>\n\t\t\t\t<div class=\"elementor-element elementor-element-71fba1c elementor-widget elementor-widget-text-editor\" data-id=\"71fba1c\" data-element_type=\"widget\" data-e-type=\"widget\" data-widget_type=\"text-editor.default\">\n\t\t\t\t<div class=\"elementor-widget-container\">\n\t\t\t\t\t\t\t\t\t<p>Die durch die Seitenbetreiber erstellten Inhalte und Werke auf diesen Seiten unterliegen dem deutschen Urheberrecht. Die Vervielf\u00e4ltigung, Bearbeitung, Verbreitung und jede Art der Verwertung au\u00dferhalb der Grenzen des Urheberrechtes bed\u00fcrfen der schriftlichen Zustimmung des jeweiligen Autors bzw. Erstellers. Downloads und Kopien dieser Seite sind nur f\u00fcr den privaten, nicht kommerziellen Gebrauch gestattet. Soweit die Inhalte auf dieser Seite nicht vom Betreiber erstellt wurden, werden die Urheberrechte Dritter beachtet. Insbesondere werden Inhalte Dritter als solche gekennzeichnet. Sollten Sie trotzdem auf eine Urheberrechtsverletzung aufmerksam werden, bitten wir um einen entsprechenden Hinweis. Bei Bekanntwerden von Rechtsverletzungen werden wir derartige Inhalte umgehend entfernen.<\/p>\n\t\t\t\t\t\t\t\t<\/div>\n\t\t\t\t<\/div>\n\t\t\t\t\t<\/div>\n\t\t<\/div>\n\t\t\t\t\t<\/div>\n\t\t<\/section>\n\t\t\t\t<\/div>\n\t\t","protected":false},"excerpt":{"rendered":"<p>Wy\u0142\u0105czenie odpowiedzialno\u015bci Odpowiedzialno\u015b\u0107 za tre\u015b\u0107 (Disclaimer) Als Diensteanbieter sind wir gem\u00e4\u00df \u00a7 7 Abs.1 TMG f\u00fcr eigene Inhalte auf diesen Seiten nach den allgemeinen Gesetzen verantwortlich. Nach \u00a7\u00a7 8 bis 10 TMG sind wir als Diensteanbieter jedoch nicht verpflichtet, \u00fcbermittelte oder gespeicherte fremde Informationen zu \u00fcberwachen oder nach Umst\u00e4nden zu forschen, die auf eine rechtswidrige [&hellip;]<\/p>\n","protected":false},"author":1,"featured_media":0,"parent":0,"menu_order":0,"comment_status":"closed","ping_status":"closed","template":"elementor_header_footer","meta":{"_acf_changed":false,"footnotes":""},"class_list":["post-10709","page","type-page","status-publish","hentry"],"acf":[],"yoast_head":"<!-- This site is optimized with the Yoast SEO plugin v27.3 - https:\/\/yoast.com\/product\/yoast-seo-wordpress\/ -->\n<title>Wy\u0142\u0105czenie odpowiedzialno\u015bci | Tool Factory<\/title>\n<meta name=\"robots\" content=\"noindex, follow\" \/>\n<meta property=\"og:locale\" content=\"pl_PL\" \/>\n<meta property=\"og:type\" content=\"article\" \/>\n<meta property=\"og:title\" content=\"Wy\u0142\u0105czenie odpowiedzialno\u015bci | Tool Factory\" \/>\n<meta property=\"og:description\" content=\"Wy\u0142\u0105czenie odpowiedzialno\u015bci Odpowiedzialno\u015b\u0107 za tre\u015b\u0107 (Disclaimer) Als Diensteanbieter sind wir gem\u00e4\u00df \u00a7 7 Abs.1 TMG f\u00fcr eigene Inhalte auf diesen Seiten nach den allgemeinen Gesetzen verantwortlich. Nach \u00a7\u00a7 8 bis 10 TMG sind wir als Diensteanbieter jedoch nicht verpflichtet, \u00fcbermittelte oder gespeicherte fremde Informationen zu \u00fcberwachen oder nach Umst\u00e4nden zu forschen, die auf eine rechtswidrige [&hellip;]\" \/>\n<meta property=\"og:url\" content=\"https:\/\/www.tool-factory.de\/disclaimer\/\" \/>\n<meta property=\"og:site_name\" content=\"Tool Factory\" \/>\n<meta property=\"article:publisher\" content=\"https:\/\/www.facebook.com\/TOOLFACTORYGMBH\" \/>\n<meta property=\"article:modified_time\" content=\"2024-07-18T11:55:45+00:00\" \/>\n<meta name=\"twitter:card\" content=\"summary_large_image\" \/>\n<script type=\"application\/ld+json\" class=\"yoast-schema-graph\">{\"@context\":\"https:\\\/\\\/schema.org\",\"@graph\":[{\"@type\":\"WebPage\",\"@id\":\"https:\\\/\\\/www.tool-factory.de\\\/disclaimer\\\/\",\"url\":\"https:\\\/\\\/www.tool-factory.de\\\/disclaimer\\\/\",\"name\":\"Wy\u0142\u0105czenie odpowiedzialno\u015bci | Tool Factory\",\"isPartOf\":{\"@id\":\"https:\\\/\\\/www.tool-factory.de\\\/#website\"},\"datePublished\":\"2022-07-19T08:41:26+00:00\",\"dateModified\":\"2024-07-18T11:55:45+00:00\",\"breadcrumb\":{\"@id\":\"https:\\\/\\\/www.tool-factory.de\\\/disclaimer\\\/#breadcrumb\"},\"inLanguage\":\"pl-PL\",\"potentialAction\":[{\"@type\":\"ReadAction\",\"target\":[\"https:\\\/\\\/www.tool-factory.de\\\/disclaimer\\\/\"]}]},{\"@type\":\"BreadcrumbList\",\"@id\":\"https:\\\/\\\/www.tool-factory.de\\\/disclaimer\\\/#breadcrumb\",\"itemListElement\":[{\"@type\":\"ListItem\",\"position\":1,\"name\":\"Startseite\",\"item\":\"https:\\\/\\\/www.tool-factory.de\\\/\"},{\"@type\":\"ListItem\",\"position\":2,\"name\":\"Wy\u0142\u0105czenie odpowiedzialno\u015bci\"}]},{\"@type\":\"WebSite\",\"@id\":\"https:\\\/\\\/www.tool-factory.de\\\/#website\",\"url\":\"https:\\\/\\\/www.tool-factory.de\\\/\",\"name\":\"Tool Factory\",\"description\":\"Cutting Tool  Solutions\",\"publisher\":{\"@id\":\"https:\\\/\\\/www.tool-factory.de\\\/#organization\"},\"potentialAction\":[{\"@type\":\"SearchAction\",\"target\":{\"@type\":\"EntryPoint\",\"urlTemplate\":\"https:\\\/\\\/www.tool-factory.de\\\/?s={search_term_string}\"},\"query-input\":{\"@type\":\"PropertyValueSpecification\",\"valueRequired\":true,\"valueName\":\"search_term_string\"}}],\"inLanguage\":\"pl-PL\"},{\"@type\":\"Organization\",\"@id\":\"https:\\\/\\\/www.tool-factory.de\\\/#organization\",\"name\":\"TOOL FACTORY Cutting Tool Solutions GmbH\",\"url\":\"https:\\\/\\\/www.tool-factory.de\\\/\",\"logo\":{\"@type\":\"ImageObject\",\"inLanguage\":\"pl-PL\",\"@id\":\"https:\\\/\\\/www.tool-factory.de\\\/#\\\/schema\\\/logo\\\/image\\\/\",\"url\":\"https:\\\/\\\/www.tool-factory.de\\\/wp-content\\\/uploads\\\/2021\\\/07\\\/logo-black.png\",\"contentUrl\":\"https:\\\/\\\/www.tool-factory.de\\\/wp-content\\\/uploads\\\/2021\\\/07\\\/logo-black.png\",\"width\":1163,\"height\":240,\"caption\":\"TOOL FACTORY Cutting Tool Solutions GmbH\"},\"image\":{\"@id\":\"https:\\\/\\\/www.tool-factory.de\\\/#\\\/schema\\\/logo\\\/image\\\/\"},\"sameAs\":[\"https:\\\/\\\/www.facebook.com\\\/TOOLFACTORYGMBH\",\"https:\\\/\\\/www.youtube.com\\\/channel\\\/UCFFxjNlHSyTzpasCaHELiJQ\\\/videos\"]}]}<\/script>\n<!-- \/ Yoast SEO plugin. -->","yoast_head_json":{"title":"Wy\u0142\u0105czenie odpowiedzialno\u015bci | Tool Factory","robots":{"index":"noindex","follow":"follow"},"og_locale":"pl_PL","og_type":"article","og_title":"Wy\u0142\u0105czenie odpowiedzialno\u015bci | Tool Factory","og_description":"Wy\u0142\u0105czenie odpowiedzialno\u015bci Odpowiedzialno\u015b\u0107 za tre\u015b\u0107 (Disclaimer) Als Diensteanbieter sind wir gem\u00e4\u00df \u00a7 7 Abs.1 TMG f\u00fcr eigene Inhalte auf diesen Seiten nach den allgemeinen Gesetzen verantwortlich. Nach \u00a7\u00a7 8 bis 10 TMG sind wir als Diensteanbieter jedoch nicht verpflichtet, \u00fcbermittelte oder gespeicherte fremde Informationen zu \u00fcberwachen oder nach Umst\u00e4nden zu forschen, die auf eine rechtswidrige [&hellip;]","og_url":"https:\/\/www.tool-factory.de\/disclaimer\/","og_site_name":"Tool Factory","article_publisher":"https:\/\/www.facebook.com\/TOOLFACTORYGMBH","article_modified_time":"2024-07-18T11:55:45+00:00","twitter_card":"summary_large_image","schema":{"@context":"https:\/\/schema.org","@graph":[{"@type":"WebPage","@id":"https:\/\/www.tool-factory.de\/disclaimer\/","url":"https:\/\/www.tool-factory.de\/disclaimer\/","name":"Wy\u0142\u0105czenie odpowiedzialno\u015bci | Tool Factory","isPartOf":{"@id":"https:\/\/www.tool-factory.de\/#website"},"datePublished":"2022-07-19T08:41:26+00:00","dateModified":"2024-07-18T11:55:45+00:00","breadcrumb":{"@id":"https:\/\/www.tool-factory.de\/disclaimer\/#breadcrumb"},"inLanguage":"pl-PL","potentialAction":[{"@type":"ReadAction","target":["https:\/\/www.tool-factory.de\/disclaimer\/"]}]},{"@type":"BreadcrumbList","@id":"https:\/\/www.tool-factory.de\/disclaimer\/#breadcrumb","itemListElement":[{"@type":"ListItem","position":1,"name":"Startseite","item":"https:\/\/www.tool-factory.de\/"},{"@type":"ListItem","position":2,"name":"Wy\u0142\u0105czenie odpowiedzialno\u015bci"}]},{"@type":"WebSite","@id":"https:\/\/www.tool-factory.de\/#website","url":"https:\/\/www.tool-factory.de\/","name":"Tool Factory","description":"Cutting Tool  Solutions","publisher":{"@id":"https:\/\/www.tool-factory.de\/#organization"},"potentialAction":[{"@type":"SearchAction","target":{"@type":"EntryPoint","urlTemplate":"https:\/\/www.tool-factory.de\/?s={search_term_string}"},"query-input":{"@type":"PropertyValueSpecification","valueRequired":true,"valueName":"search_term_string"}}],"inLanguage":"pl-PL"},{"@type":"Organization","@id":"https:\/\/www.tool-factory.de\/#organization","name":"TOOL FACTORY Cutting Tool Solutions GmbH","url":"https:\/\/www.tool-factory.de\/","logo":{"@type":"ImageObject","inLanguage":"pl-PL","@id":"https:\/\/www.tool-factory.de\/#\/schema\/logo\/image\/","url":"https:\/\/www.tool-factory.de\/wp-content\/uploads\/2021\/07\/logo-black.png","contentUrl":"https:\/\/www.tool-factory.de\/wp-content\/uploads\/2021\/07\/logo-black.png","width":1163,"height":240,"caption":"TOOL FACTORY Cutting Tool Solutions GmbH"},"image":{"@id":"https:\/\/www.tool-factory.de\/#\/schema\/logo\/image\/"},"sameAs":["https:\/\/www.facebook.com\/TOOLFACTORYGMBH","https:\/\/www.youtube.com\/channel\/UCFFxjNlHSyTzpasCaHELiJQ\/videos"]}]}},"_links":{"self":[{"href":"https:\/\/www.tool-factory.de\/pl\/wp-json\/wp\/v2\/pages\/10709","targetHints":{"allow":["GET"]}}],"collection":[{"href":"https:\/\/www.tool-factory.de\/pl\/wp-json\/wp\/v2\/pages"}],"about":[{"href":"https:\/\/www.tool-factory.de\/pl\/wp-json\/wp\/v2\/types\/page"}],"author":[{"embeddable":true,"href":"https:\/\/www.tool-factory.de\/pl\/wp-json\/wp\/v2\/users\/1"}],"replies":[{"embeddable":true,"href":"https:\/\/www.tool-factory.de\/pl\/wp-json\/wp\/v2\/comments?post=10709"}],"version-history":[{"count":0,"href":"https:\/\/www.tool-factory.de\/pl\/wp-json\/wp\/v2\/pages\/10709\/revisions"}],"wp:attachment":[{"href":"https:\/\/www.tool-factory.de\/pl\/wp-json\/wp\/v2\/media?parent=10709"}],"curies":[{"name":"wp","href":"https:\/\/api.w.org\/{rel}","templated":true}]}}