{"id":4096,"date":"2022-05-09T05:42:27","date_gmt":"2022-05-09T05:42:27","guid":{"rendered":"https:\/\/www.tool-factory.de\/services\/competent-expert-advice\/"},"modified":"2025-08-25T10:21:50","modified_gmt":"2025-08-25T10:21:50","slug":"competent-expert-advice","status":"publish","type":"page","link":"https:\/\/www.tool-factory.de\/en\/services\/competent-expert-advice\/","title":{"rendered":"Competent expert advice"},"content":{"rendered":"\t\t<div data-elementor-type=\"wp-page\" data-elementor-id=\"4096\" class=\"elementor elementor-4096 elementor-445\" data-elementor-post-type=\"page\">\n\t\t\t\t\t\t<section class=\"elementor-section elementor-top-section elementor-element elementor-element-873da51 elementor-section-height-min-height elementor-section-items-bottom elementor-section-boxed elementor-section-height-default\" data-id=\"873da51\" data-element_type=\"section\" data-e-type=\"section\" data-settings=\"{&quot;background_background&quot;:&quot;classic&quot;}\">\n\t\t\t\t\t\t\t<div class=\"elementor-background-overlay\"><\/div>\n\t\t\t\t\t\t\t<div class=\"elementor-container elementor-column-gap-default\">\n\t\t\t\t\t<div class=\"elementor-column elementor-col-100 elementor-top-column elementor-element elementor-element-400220f\" data-id=\"400220f\" data-element_type=\"column\" data-e-type=\"column\">\n\t\t\t<div class=\"elementor-widget-wrap\">\n\t\t\t\t\t\t\t<\/div>\n\t\t<\/div>\n\t\t\t\t\t<\/div>\n\t\t<\/section>\n\t\t\t\t<section class=\"elementor-section elementor-top-section elementor-element elementor-element-9f52724 elementor-section-boxed elementor-section-height-default elementor-section-height-default\" data-id=\"9f52724\" data-element_type=\"section\" data-e-type=\"section\">\n\t\t\t\t\t\t<div class=\"elementor-container elementor-column-gap-default\">\n\t\t\t\t\t<div class=\"elementor-column elementor-col-100 elementor-top-column elementor-element elementor-element-5baa823\" data-id=\"5baa823\" data-element_type=\"column\" data-e-type=\"column\">\n\t\t\t<div class=\"elementor-widget-wrap elementor-element-populated\">\n\t\t\t\t\t\t<div class=\"elementor-element elementor-element-e475edb elementor-widget elementor-widget-heading\" data-id=\"e475edb\" data-element_type=\"widget\" data-e-type=\"widget\" data-widget_type=\"heading.default\">\n\t\t\t\t<div class=\"elementor-widget-container\">\n\t\t\t\t\t<h1 class=\"elementor-heading-title elementor-size-default\">Competent<br>Expert advice<\/h1>\t\t\t\t<\/div>\n\t\t\t\t<\/div>\n\t\t\t\t\t<\/div>\n\t\t<\/div>\n\t\t\t\t\t<\/div>\n\t\t<\/section>\n\t\t\t\t<section class=\"elementor-section elementor-top-section elementor-element elementor-element-5b0b867 animated-slow elementor-section-boxed elementor-section-height-default elementor-section-height-default elementor-invisible\" data-id=\"5b0b867\" data-element_type=\"section\" data-e-type=\"section\" data-settings=\"{&quot;background_background&quot;:&quot;classic&quot;,&quot;animation&quot;:&quot;fadeIn&quot;}\">\n\t\t\t\t\t\t<div class=\"elementor-container elementor-column-gap-default\">\n\t\t\t\t\t<div class=\"elementor-column elementor-col-50 elementor-top-column elementor-element elementor-element-f232bb1\" data-id=\"f232bb1\" data-element_type=\"column\" data-e-type=\"column\">\n\t\t\t<div class=\"elementor-widget-wrap elementor-element-populated\">\n\t\t\t\t\t\t<div class=\"elementor-element elementor-element-eee3966 elementor-widget elementor-widget-text-editor\" data-id=\"eee3966\" data-element_type=\"widget\" data-e-type=\"widget\" data-widget_type=\"text-editor.default\">\n\t\t\t\t<div class=\"elementor-widget-container\">\n\t\t\t\t\t\t\t\t\t<p>Flexible and solution-oriented, our experts will help you find the right precision tools and advise you on usability, applications and cutting values. <\/p>\n<p>Whatever your machining challenge, we will team up with you to find the best possible machining strategies that will optimize your processes and make them as safe as possible. As part of this process, our team will analyze your applications and process flows. In addition, we call on the technical knowledge and expertise of our partners to provide you with the best possible support.<\/p>\n<p>We attach great importance to continuity and reliability. If you need further information or would like to receive professional advice from our expert team \u2013 please do not hesitate to contact us. We listen, we understand, and together with you we will develop tailored and cost-efficient solutions. Customized solutions can only deliver to the expectations when the exact requirements and basic operating conditions have been specified in advance. <\/p>\t\t\t\t\t\t\t\t<\/div>\n\t\t\t\t<\/div>\n\t\t\t\t\t<\/div>\n\t\t<\/div>\n\t\t\t\t<div class=\"elementor-column elementor-col-50 elementor-top-column elementor-element elementor-element-b289983\" data-id=\"b289983\" data-element_type=\"column\" data-e-type=\"column\">\n\t\t\t<div class=\"elementor-widget-wrap\">\n\t\t\t\t\t\t\t<\/div>\n\t\t<\/div>\n\t\t\t\t\t<\/div>\n\t\t<\/section>\n\t\t\t\t<section class=\"elementor-section elementor-top-section elementor-element elementor-element-69e5606 elementor-section-boxed elementor-section-height-default elementor-section-height-default\" data-id=\"69e5606\" data-element_type=\"section\" data-e-type=\"section\" data-settings=\"{&quot;background_background&quot;:&quot;classic&quot;}\">\n\t\t\t\t\t\t\t<div class=\"elementor-background-overlay\"><\/div>\n\t\t\t\t\t\t\t<div class=\"elementor-container elementor-column-gap-default\">\n\t\t\t\t\t<div class=\"elementor-column elementor-col-100 elementor-top-column elementor-element elementor-element-d5257a8\" data-id=\"d5257a8\" data-element_type=\"column\" data-e-type=\"column\">\n\t\t\t<div class=\"elementor-widget-wrap elementor-element-populated\">\n\t\t\t\t\t\t<section class=\"elementor-section elementor-inner-section elementor-element elementor-element-eff802a elementor-section-boxed elementor-section-height-default elementor-section-height-default\" data-id=\"eff802a\" data-element_type=\"section\" data-e-type=\"section\" data-settings=\"{&quot;background_background&quot;:&quot;classic&quot;}\">\n\t\t\t\t\t\t<div class=\"elementor-container elementor-column-gap-default\">\n\t\t\t\t\t<div class=\"elementor-column elementor-col-100 elementor-inner-column elementor-element elementor-element-a6d33d7 animated-slow elementor-invisible\" data-id=\"a6d33d7\" data-element_type=\"column\" data-e-type=\"column\" data-settings=\"{&quot;animation&quot;:&quot;fadeIn&quot;}\">\n\t\t\t<div class=\"elementor-widget-wrap elementor-element-populated\">\n\t\t\t\t\t\t<div class=\"elementor-element elementor-element-51b04b0 elementor-widget elementor-widget-heading\" data-id=\"51b04b0\" data-element_type=\"widget\" data-e-type=\"widget\" data-widget_type=\"heading.default\">\n\t\t\t\t<div class=\"elementor-widget-container\">\n\t\t\t\t\t<h3 class=\"elementor-heading-title elementor-size-default\">Are you interested in a solution-oriented advice? We look forward to your enquiry!<\/h3>\t\t\t\t<\/div>\n\t\t\t\t<\/div>\n\t\t\t\t<div class=\"elementor-element elementor-element-eee5835 elementor-widget-divider--view-line elementor-widget elementor-widget-divider\" data-id=\"eee5835\" data-element_type=\"widget\" data-e-type=\"widget\" data-widget_type=\"divider.default\">\n\t\t\t\t<div class=\"elementor-widget-container\">\n\t\t\t\t\t\t\t<div class=\"elementor-divider\">\n\t\t\t<span class=\"elementor-divider-separator\">\n\t\t\t\t\t\t<\/span>\n\t\t<\/div>\n\t\t\t\t\t\t<\/div>\n\t\t\t\t<\/div>\n\t\t\t\t<div class=\"elementor-element elementor-element-b268621 elementor-widget elementor-widget-text-editor\" data-id=\"b268621\" data-element_type=\"widget\" data-e-type=\"widget\" data-widget_type=\"text-editor.default\">\n\t\t\t\t<div class=\"elementor-widget-container\">\n\t\t\t\t\t\t\t\t\t<p>Would you like to know more about our machining solutions? In our\u00a0<a href=\"https:\/\/www.tool-factory.de\/en\/media-library\/\">media library<\/a> you will find our case studies. Find out how we develop suitable solutions in close cooperation with our customers and how we support you in managing your manufacturing challenges.<br \/><br \/>Our <a href=\"https:\/\/shop.tool-factory.de\/en\/home\/\" target=\"_blank\" rel=\"noopener\">online store<\/a> offers 24\/7 a choice of 22,000 assorted products. You are welcome to take a quick look around.<\/p>\t\t\t\t\t\t\t\t<\/div>\n\t\t\t\t<\/div>\n\t\t\t\t<div class=\"elementor-element elementor-element-b10747d elementor-align-start elementor-icon-list--layout-traditional elementor-list-item-link-full_width elementor-widget elementor-widget-icon-list\" data-id=\"b10747d\" data-element_type=\"widget\" data-e-type=\"widget\" data-widget_type=\"icon-list.default\">\n\t\t\t\t<div class=\"elementor-widget-container\">\n\t\t\t\t\t\t\t<ul class=\"elementor-icon-list-items\">\n\t\t\t\t\t\t\t<li class=\"elementor-icon-list-item\">\n\t\t\t\t\t\t\t\t\t\t\t<span class=\"elementor-icon-list-icon\">\n\t\t\t\t\t\t\t<i aria-hidden=\"true\" class=\"fas fa-phone\"><\/i>\t\t\t\t\t\t<\/span>\n\t\t\t\t\t\t\t\t\t\t<span class=\"elementor-icon-list-text\">+49 (0) 2174 \/ 791 53 - 0<\/span>\n\t\t\t\t\t\t\t\t\t<\/li>\n\t\t\t\t\t\t\t\t<li class=\"elementor-icon-list-item\">\n\t\t\t\t\t\t\t\t\t\t\t<a href=\"mailto:Anwendungstechnik@tool-factory.de\" target=\"_blank\">\n\n\t\t\t\t\t\t\t\t\t\t\t\t<span class=\"elementor-icon-list-icon\">\n\t\t\t\t\t\t\t<i aria-hidden=\"true\" class=\"far fa-envelope\"><\/i>\t\t\t\t\t\t<\/span>\n\t\t\t\t\t\t\t\t\t\t<span class=\"elementor-icon-list-text\">Anwendungstechnik@tool-factory.de<\/span>\n\t\t\t\t\t\t\t\t\t\t\t<\/a>\n\t\t\t\t\t\t\t\t\t<\/li>\n\t\t\t\t\t\t\t\t<li class=\"elementor-icon-list-item\">\n\t\t\t\t\t\t\t\t\t\t\t<a href=\"https:\/\/www.tool-factory.de\/en\/contact\/\">\n\n\t\t\t\t\t\t\t\t\t\t\t\t<span class=\"elementor-icon-list-icon\">\n\t\t\t\t\t\t\t<i aria-hidden=\"true\" class=\"fas fa-align-justify\"><\/i>\t\t\t\t\t\t<\/span>\n\t\t\t\t\t\t\t\t\t\t<span class=\"elementor-icon-list-text\">Enquiry form<\/span>\n\t\t\t\t\t\t\t\t\t\t\t<\/a>\n\t\t\t\t\t\t\t\t\t<\/li>\n\t\t\t\t\t\t<\/ul>\n\t\t\t\t\t\t<\/div>\n\t\t\t\t<\/div>\n\t\t\t\t\t<\/div>\n\t\t<\/div>\n\t\t\t\t\t<\/div>\n\t\t<\/section>\n\t\t\t\t\t<\/div>\n\t\t<\/div>\n\t\t\t\t\t<\/div>\n\t\t<\/section>\n\t\t\t\t<\/div>\n\t\t","protected":false},"excerpt":{"rendered":"<p>CompetentExpert advice Flexible and solution-oriented, our experts will help you find the right precision tools and advise you on usability, applications and cutting values. Whatever your machining challenge, we will team up with you to find the best possible machining strategies that will optimize your processes and make them as safe as possible. As part [&hellip;]<\/p>\n","protected":false},"author":1,"featured_media":0,"parent":4094,"menu_order":0,"comment_status":"closed","ping_status":"closed","template":"elementor_header_footer","meta":{"_acf_changed":false,"footnotes":""},"class_list":["post-4096","page","type-page","status-publish","hentry"],"acf":[],"yoast_head":"<!-- This site is optimized with the Yoast SEO plugin v27.3 - https:\/\/yoast.com\/product\/yoast-seo-wordpress\/ -->\n<title>Competent expert advice | Tool Factory<\/title>\n<meta name=\"description\" content=\"Sie ben\u00f6tigen ma\u00dfgeschneiderte kosteneffiziente L\u00f6sungen? Erhalten Sie kompetente Fachberatung f\u00fcr Zerspanung von unseren Probleml\u00f6sern.\" \/>\n<meta name=\"robots\" content=\"index, follow, max-snippet:-1, max-image-preview:large, max-video-preview:-1\" \/>\n<link rel=\"canonical\" href=\"https:\/\/www.tool-factory.de\/services\/kompetente-fachberatung\/\" \/>\n<meta property=\"og:locale\" content=\"en_US\" \/>\n<meta property=\"og:type\" content=\"article\" \/>\n<meta property=\"og:title\" content=\"Competent expert advice | Tool Factory\" \/>\n<meta property=\"og:description\" content=\"Sie ben\u00f6tigen ma\u00dfgeschneiderte kosteneffiziente L\u00f6sungen? Erhalten Sie kompetente Fachberatung f\u00fcr Zerspanung von unseren Probleml\u00f6sern.\" \/>\n<meta property=\"og:url\" content=\"https:\/\/www.tool-factory.de\/services\/kompetente-fachberatung\/\" \/>\n<meta property=\"og:site_name\" content=\"Tool Factory\" \/>\n<meta property=\"article:publisher\" content=\"https:\/\/www.facebook.com\/TOOLFACTORYGMBH\" \/>\n<meta property=\"article:modified_time\" content=\"2025-08-25T10:21:50+00:00\" \/>\n<meta name=\"twitter:card\" content=\"summary_large_image\" \/>\n<script type=\"application\/ld+json\" class=\"yoast-schema-graph\">{\"@context\":\"https:\\\/\\\/schema.org\",\"@graph\":[{\"@type\":\"WebPage\",\"@id\":\"https:\\\/\\\/www.tool-factory.de\\\/services\\\/kompetente-fachberatung\\\/\",\"url\":\"https:\\\/\\\/www.tool-factory.de\\\/services\\\/kompetente-fachberatung\\\/\",\"name\":\"Competent expert advice | Tool Factory\",\"isPartOf\":{\"@id\":\"https:\\\/\\\/www.tool-factory.de\\\/#website\"},\"datePublished\":\"2022-05-09T05:42:27+00:00\",\"dateModified\":\"2025-08-25T10:21:50+00:00\",\"description\":\"Sie ben\u00f6tigen ma\u00dfgeschneiderte kosteneffiziente L\u00f6sungen? Erhalten Sie kompetente Fachberatung f\u00fcr Zerspanung von unseren Probleml\u00f6sern.\",\"breadcrumb\":{\"@id\":\"https:\\\/\\\/www.tool-factory.de\\\/services\\\/kompetente-fachberatung\\\/#breadcrumb\"},\"inLanguage\":\"en-US\",\"potentialAction\":[{\"@type\":\"ReadAction\",\"target\":[\"https:\\\/\\\/www.tool-factory.de\\\/services\\\/kompetente-fachberatung\\\/\"]}]},{\"@type\":\"BreadcrumbList\",\"@id\":\"https:\\\/\\\/www.tool-factory.de\\\/services\\\/kompetente-fachberatung\\\/#breadcrumb\",\"itemListElement\":[{\"@type\":\"ListItem\",\"position\":1,\"name\":\"Startseite\",\"item\":\"https:\\\/\\\/www.tool-factory.de\\\/\"},{\"@type\":\"ListItem\",\"position\":2,\"name\":\"Services\",\"item\":\"https:\\\/\\\/www.tool-factory.de\\\/services\\\/\"},{\"@type\":\"ListItem\",\"position\":3,\"name\":\"Competent expert advice\"}]},{\"@type\":\"WebSite\",\"@id\":\"https:\\\/\\\/www.tool-factory.de\\\/#website\",\"url\":\"https:\\\/\\\/www.tool-factory.de\\\/\",\"name\":\"Tool Factory\",\"description\":\"Cutting Tool  Solutions\",\"publisher\":{\"@id\":\"https:\\\/\\\/www.tool-factory.de\\\/#organization\"},\"potentialAction\":[{\"@type\":\"SearchAction\",\"target\":{\"@type\":\"EntryPoint\",\"urlTemplate\":\"https:\\\/\\\/www.tool-factory.de\\\/?s={search_term_string}\"},\"query-input\":{\"@type\":\"PropertyValueSpecification\",\"valueRequired\":true,\"valueName\":\"search_term_string\"}}],\"inLanguage\":\"en-US\"},{\"@type\":\"Organization\",\"@id\":\"https:\\\/\\\/www.tool-factory.de\\\/#organization\",\"name\":\"TOOL FACTORY Cutting Tool Solutions GmbH\",\"url\":\"https:\\\/\\\/www.tool-factory.de\\\/\",\"logo\":{\"@type\":\"ImageObject\",\"inLanguage\":\"en-US\",\"@id\":\"https:\\\/\\\/www.tool-factory.de\\\/#\\\/schema\\\/logo\\\/image\\\/\",\"url\":\"https:\\\/\\\/www.tool-factory.de\\\/wp-content\\\/uploads\\\/2021\\\/07\\\/logo-black.png\",\"contentUrl\":\"https:\\\/\\\/www.tool-factory.de\\\/wp-content\\\/uploads\\\/2021\\\/07\\\/logo-black.png\",\"width\":1163,\"height\":240,\"caption\":\"TOOL FACTORY Cutting Tool Solutions GmbH\"},\"image\":{\"@id\":\"https:\\\/\\\/www.tool-factory.de\\\/#\\\/schema\\\/logo\\\/image\\\/\"},\"sameAs\":[\"https:\\\/\\\/www.facebook.com\\\/TOOLFACTORYGMBH\",\"https:\\\/\\\/www.youtube.com\\\/channel\\\/UCFFxjNlHSyTzpasCaHELiJQ\\\/videos\"]}]}<\/script>\n<!-- \/ Yoast SEO plugin. -->","yoast_head_json":{"title":"Competent expert advice | Tool Factory","description":"Sie ben\u00f6tigen ma\u00dfgeschneiderte kosteneffiziente L\u00f6sungen? Erhalten Sie kompetente Fachberatung f\u00fcr Zerspanung von unseren Probleml\u00f6sern.","robots":{"index":"index","follow":"follow","max-snippet":"max-snippet:-1","max-image-preview":"max-image-preview:large","max-video-preview":"max-video-preview:-1"},"canonical":"https:\/\/www.tool-factory.de\/services\/kompetente-fachberatung\/","og_locale":"en_US","og_type":"article","og_title":"Competent expert advice | Tool Factory","og_description":"Sie ben\u00f6tigen ma\u00dfgeschneiderte kosteneffiziente L\u00f6sungen? Erhalten Sie kompetente Fachberatung f\u00fcr Zerspanung von unseren Probleml\u00f6sern.","og_url":"https:\/\/www.tool-factory.de\/services\/kompetente-fachberatung\/","og_site_name":"Tool Factory","article_publisher":"https:\/\/www.facebook.com\/TOOLFACTORYGMBH","article_modified_time":"2025-08-25T10:21:50+00:00","twitter_card":"summary_large_image","schema":{"@context":"https:\/\/schema.org","@graph":[{"@type":"WebPage","@id":"https:\/\/www.tool-factory.de\/services\/kompetente-fachberatung\/","url":"https:\/\/www.tool-factory.de\/services\/kompetente-fachberatung\/","name":"Competent expert advice | Tool Factory","isPartOf":{"@id":"https:\/\/www.tool-factory.de\/#website"},"datePublished":"2022-05-09T05:42:27+00:00","dateModified":"2025-08-25T10:21:50+00:00","description":"Sie ben\u00f6tigen ma\u00dfgeschneiderte kosteneffiziente L\u00f6sungen? Erhalten Sie kompetente Fachberatung f\u00fcr Zerspanung von unseren Probleml\u00f6sern.","breadcrumb":{"@id":"https:\/\/www.tool-factory.de\/services\/kompetente-fachberatung\/#breadcrumb"},"inLanguage":"en-US","potentialAction":[{"@type":"ReadAction","target":["https:\/\/www.tool-factory.de\/services\/kompetente-fachberatung\/"]}]},{"@type":"BreadcrumbList","@id":"https:\/\/www.tool-factory.de\/services\/kompetente-fachberatung\/#breadcrumb","itemListElement":[{"@type":"ListItem","position":1,"name":"Startseite","item":"https:\/\/www.tool-factory.de\/"},{"@type":"ListItem","position":2,"name":"Services","item":"https:\/\/www.tool-factory.de\/services\/"},{"@type":"ListItem","position":3,"name":"Competent expert advice"}]},{"@type":"WebSite","@id":"https:\/\/www.tool-factory.de\/#website","url":"https:\/\/www.tool-factory.de\/","name":"Tool Factory","description":"Cutting Tool  Solutions","publisher":{"@id":"https:\/\/www.tool-factory.de\/#organization"},"potentialAction":[{"@type":"SearchAction","target":{"@type":"EntryPoint","urlTemplate":"https:\/\/www.tool-factory.de\/?s={search_term_string}"},"query-input":{"@type":"PropertyValueSpecification","valueRequired":true,"valueName":"search_term_string"}}],"inLanguage":"en-US"},{"@type":"Organization","@id":"https:\/\/www.tool-factory.de\/#organization","name":"TOOL FACTORY Cutting Tool Solutions GmbH","url":"https:\/\/www.tool-factory.de\/","logo":{"@type":"ImageObject","inLanguage":"en-US","@id":"https:\/\/www.tool-factory.de\/#\/schema\/logo\/image\/","url":"https:\/\/www.tool-factory.de\/wp-content\/uploads\/2021\/07\/logo-black.png","contentUrl":"https:\/\/www.tool-factory.de\/wp-content\/uploads\/2021\/07\/logo-black.png","width":1163,"height":240,"caption":"TOOL FACTORY Cutting Tool Solutions GmbH"},"image":{"@id":"https:\/\/www.tool-factory.de\/#\/schema\/logo\/image\/"},"sameAs":["https:\/\/www.facebook.com\/TOOLFACTORYGMBH","https:\/\/www.youtube.com\/channel\/UCFFxjNlHSyTzpasCaHELiJQ\/videos"]}]}},"_links":{"self":[{"href":"https:\/\/www.tool-factory.de\/en\/wp-json\/wp\/v2\/pages\/4096","targetHints":{"allow":["GET"]}}],"collection":[{"href":"https:\/\/www.tool-factory.de\/en\/wp-json\/wp\/v2\/pages"}],"about":[{"href":"https:\/\/www.tool-factory.de\/en\/wp-json\/wp\/v2\/types\/page"}],"author":[{"embeddable":true,"href":"https:\/\/www.tool-factory.de\/en\/wp-json\/wp\/v2\/users\/1"}],"replies":[{"embeddable":true,"href":"https:\/\/www.tool-factory.de\/en\/wp-json\/wp\/v2\/comments?post=4096"}],"version-history":[{"count":2,"href":"https:\/\/www.tool-factory.de\/en\/wp-json\/wp\/v2\/pages\/4096\/revisions"}],"predecessor-version":[{"id":12705,"href":"https:\/\/www.tool-factory.de\/en\/wp-json\/wp\/v2\/pages\/4096\/revisions\/12705"}],"up":[{"embeddable":true,"href":"https:\/\/www.tool-factory.de\/en\/wp-json\/wp\/v2\/pages\/4094"}],"wp:attachment":[{"href":"https:\/\/www.tool-factory.de\/en\/wp-json\/wp\/v2\/media?parent=4096"}],"curies":[{"name":"wp","href":"https:\/\/api.w.org\/{rel}","templated":true}]}}